{"id":909,"date":"2025-04-11T06:52:34","date_gmt":"2025-04-11T06:52:34","guid":{"rendered":"https:\/\/hisemtech.com\/?page_id=909"},"modified":"2025-12-09T14:34:48","modified_gmt":"2025-12-09T06:34:48","slug":"canal-de-video","status":"publish","type":"page","link":"https:\/\/hisemtech.com\/pt\/video-channel\/","title":{"rendered":"Canal de V\u00eddeo"},"content":{"rendered":"<div class=\"wp-block-greenshift-blocks-row alignfull gspb_row gspb_row-id-gsbp-a7bdcb2\" id=\"gspb_row-id-gsbp-a7bdcb2\"><div class=\"gspb_backgroundOverlay\"><\/div><div class=\"gspb_row__content\"> \n<div class=\"wp-block-greenshift-blocks-row-column gspb_row__col--12 gspb_col-id-gsbp-b613ad8\" id=\"gspb_col-id-gsbp-b613ad8\">\n<h1 id=\"gspb_heading-id-gsbp-add365e\" class=\"gspb_heading gspb_heading-id-gsbp-add365e\">Canal de V\u00eddeo<\/h1>\n\n\n<\/div>\n <\/div><\/div>\n\n\n\n<div class=\"wp-block-greenshift-blocks-row alignfull gspb_row gspb_row-id-gsbp-105b028\" id=\"gspb_row-id-gsbp-105b028\"><div class=\"gspb_row__content\"> \n<div class=\"wp-block-greenshift-blocks-row-column gspb_row__col--12 gspb_col-id-gsbp-53dc555\" id=\"gspb_col-id-gsbp-53dc555\">\n<section class=\"wp-block-greenshift-blocks-row alignfull gspb_row gspb_row-id-gsbp-a565164\" id=\"gspb_row-id-gsbp-a565164\"><div class=\"gspb_row__content\"> \n<div class=\"wp-block-greenshift-blocks-row-column gspb_row__col--6 gspb_col-id-gsbp-fe10766\" id=\"gspb_col-id-gsbp-fe10766\">\n<div class=\"wp-block-greenshift-blocks-image gspb_image gspb_image-id-gsbp-7586c29\" id=\"gspb_image-id-gsbp-7586c29\"><a href=\"https:\/\/www.youtube.com\/@Hisemtech\" target=\"_blank\" rel=\"noopener\"><img decoding=\"async\" src=\"http:\/\/hisemtech.com\/wp-content\/uploads\/2025\/03\/LOGO-HISEMTECH.png\" data-src=\"\" alt=\"\" loading=\"lazy\" width=\"300\" height=\"108\"\/><\/a><\/div>\n<\/div>\n\n\n\n<div class=\"wp-block-greenshift-blocks-row-column gspb_row__col--6 gspb_col-id-gsbp-f3e2947\" id=\"gspb_col-id-gsbp-f3e2947\">\n<h5 id=\"gspb_heading-id-gsbp-66c91bb\" class=\"gspb_heading gspb_heading-id-gsbp-66c91bb\"><a href=\"https:\/\/www.youtube.com\/@Hisemtech\" data-type=\"link\" data-id=\"https:\/\/www.youtube.com\/@Hisemtech\" target=\"_blank\" rel=\"noopener\">Quer ver nossas solu\u00e7\u00f5es solares em a\u00e7\u00e3o? Acesse nosso canal no YouTube para ver demonstra\u00e7\u00f5es de produtos, visitas \u00e0 f\u00e1brica e depoimentos de clientes. Inscreva-se e interaja conosco!<\/a><\/h5>\n<\/div>\n\n\n\n<div class=\"wp-block-greenshift-blocks-row-column gspb_row__col--6 gspb_col-id-gsbp-9f8dc27\" id=\"gspb_col-id-gsbp-9f8dc27\">\n<iframe loading=\"lazy\" width=\"560\" height=\"315\" src=\"https:\/\/www.youtube.com\/embed\/oDTwDsbam44?si=6dpuQ406HWrS1stF\" title=\"Reprodutor de v\u00eddeo do YouTube\" frameborder=\"0\" allow=\"accelerometer; autoplay; clipboard-write; encrypted-media; gyroscope; picture-in-picture; web-share\" referrerpolicy=\"strict-origin-when-cross-origin\" allowfullscreen><\/iframe>\n<\/div>\n\n\n\n<div class=\"wp-block-greenshift-blocks-row-column gspb_row__col--6 gspb_col-id-gsbp-ba74958\" id=\"gspb_col-id-gsbp-ba74958\">\n<iframe loading=\"lazy\" width=\"560\" height=\"315\" src=\"https:\/\/www.youtube.com\/embed\/r2bVXm2MESg?si=iB_F6Nq-BQtD75y7\" title=\"Reprodutor de v\u00eddeo do YouTube\" frameborder=\"0\" allow=\"accelerometer; autoplay; clipboard-write; encrypted-media; gyroscope; picture-in-picture; web-share\" referrerpolicy=\"strict-origin-when-cross-origin\" allowfullscreen><\/iframe>\n<\/div>\n\n\n\n<div class=\"wp-block-greenshift-blocks-row-column gspb_row__col--6 gspb_col-id-gsbp-32a78b8\" id=\"gspb_col-id-gsbp-32a78b8\">\n<iframe loading=\"lazy\" width=\"560\" height=\"315\" src=\"https:\/\/www.youtube.com\/embed\/IAbmcX7rWnM?si=xmsElB6fUMKqXhup\" title=\"Reprodutor de v\u00eddeo do YouTube\" frameborder=\"0\" allow=\"accelerometer; autoplay; clipboard-write; encrypted-media; gyroscope; picture-in-picture; web-share\" referrerpolicy=\"strict-origin-when-cross-origin\" allowfullscreen><\/iframe>\n<\/div>\n\n\n\n<div class=\"wp-block-greenshift-blocks-row-column gspb_row__col--6 gspb_col-id-gsbp-78c6896\" id=\"gspb_col-id-gsbp-78c6896\">\n<iframe loading=\"lazy\" width=\"560\" height=\"315\" src=\"https:\/\/www.youtube.com\/embed\/UX31rOn4_is?si=GDzIzT-UoM8bDFnS\" title=\"Reprodutor de v\u00eddeo do YouTube\" frameborder=\"0\" allow=\"accelerometer; autoplay; clipboard-write; encrypted-media; gyroscope; picture-in-picture; web-share\" referrerpolicy=\"strict-origin-when-cross-origin\" allowfullscreen><\/iframe>\n<\/div>\n\n\n\n<div class=\"wp-block-greenshift-blocks-row-column gspb_row__col--6 gspb_col-id-gsbp-320f5b7\" id=\"gspb_col-id-gsbp-320f5b7\">\n<iframe loading=\"lazy\" width=\"560\" height=\"315\" src=\"https:\/\/www.youtube.com\/embed\/q8GpMkxE-GU?si=a9dCdx1VebBB86D_\" title=\"Reprodutor de v\u00eddeo do YouTube\" frameborder=\"0\" allow=\"accelerometer; autoplay; clipboard-write; encrypted-media; gyroscope; picture-in-picture; web-share\" referrerpolicy=\"strict-origin-when-cross-origin\" allowfullscreen><\/iframe>\n<\/div>\n\n\n\n<div class=\"wp-block-greenshift-blocks-row-column gspb_row__col--6 gspb_col-id-gsbp-a8a4a38\" id=\"gspb_col-id-gsbp-a8a4a38\">\n<iframe loading=\"lazy\" width=\"560\" height=\"315\" src=\"https:\/\/www.youtube.com\/embed\/y0Rmg2Muiio?si=B7eGHUl_abAG_Vi6\" title=\"Reprodutor de v\u00eddeo do YouTube\" frameborder=\"0\" allow=\"accelerometer; autoplay; clipboard-write; encrypted-media; gyroscope; picture-in-picture; web-share\" referrerpolicy=\"strict-origin-when-cross-origin\" allowfullscreen><\/iframe>\n<\/div>\n <\/div><\/section>\n<\/div>\n <\/div><\/div>","protected":false},"excerpt":{"rendered":"","protected":false},"author":1,"featured_media":0,"parent":0,"menu_order":0,"comment_status":"closed","ping_status":"closed","template":"","meta":{"_gspb_post_css":"#gspb_row-id-gsbp-a7bdcb2{justify-content:space-between;margin-top:0;margin-bottom:0;display:flex;flex-wrap:wrap;min-height:50vh;align-content:center;background-size:cover;background-repeat:no-repeat;background-position:52% 44%;background-image:url(http:\/\/hisemtech.com\/wp-content\/uploads\/2025\/05\/234.jpg);isolation:isolate}#gspb_row-id-gsbp-a7bdcb2>.gspb_row__content{display:flex;justify-content:space-between;margin:0 auto;width:100%;flex-wrap:wrap;align-items:center}.gspb_row{position:relative}div[id^=gspb_col-id]{box-sizing:border-box;position:relative;padding:var(--gs-row-column-padding, 15px min(3vw, 20px))}body.gspb-bodyfront #gspb_row-id-gsbp-a7bdcb2>.gspb_row__content{width:var(--theme-container-width, 1200px);max-width:var(--theme-normal-container-max-width, 1200px)}#gspb_row-id-gsbp-a7bdcb2:hover{background-size:cover}#gspb_row-id-gsbp-a7bdcb2>.gspb_backgroundOverlay{position:absolute;top:0;left:0;width:100%;height:100%;z-index:-1;opacity:.16;background-color:var(--wp--preset--color--palette-color-1, var(--theme-palette-color-1, #004ea2))}#gspb_col-id-gsbp-b613ad8.gspb_row__col--12{width:100%}@media (max-width:575.98px){#gspb_col-id-gsbp-b613ad8.gspb_row__col--12{width:100%}}.gspb_row #gspb_col-id-gsbp-b613ad8.gspb_row__col--12{padding-top:50px}body #gspb_col-id-gsbp-b613ad8.gspb_row__col--12{display:flex;flex-direction:column;align-items:center;row-gap:20px}#gspb_heading-id-gsbp-add365e{text-transform:uppercase}@media (max-width:575.98px){#gspb_heading-id-gsbp-add365e{font-size:25px}}#gspb_heading-id-gsbp-add365e,#gspb_heading-id-gsbp-add365e .gsap-g-line{text-align:center!important}#gspb_heading-id-gsbp-add365e{color:var(--wp--preset--color--palette-color-8, var(--theme-palette-color-8, #ffffff))}#gspb_row-id-gsbp-105b028,#gspb_row-id-gsbp-a565164{justify-content:space-between;display:flex;flex-wrap:wrap;margin-top:100px;margin-bottom:100px}#gspb_row-id-gsbp-105b028>.gspb_row__content{display:flex;justify-content:space-between;margin:0 auto;width:100%;flex-wrap:wrap}#gspb_col-id-gsbp-53dc555.gspb_row__col--12{width:100%}@media (max-width:575.98px){#gspb_col-id-gsbp-53dc555.gspb_row__col--12{width:100%}}#gspb_row-id-gsbp-a565164{margin-top:0;align-content:center;margin-bottom:30px}#gspb_row-id-gsbp-a565164>.gspb_row__content{display:flex;justify-content:space-between;margin:0 auto;width:100%;flex-wrap:wrap;align-items:center}body.gspb-bodyfront #gspb_row-id-gsbp-105b028>.gspb_row__content,body.gspb-bodyfront #gspb_row-id-gsbp-a565164>.gspb_row__content{width:var(--theme-container-width, 1200px);max-width:var(--theme-normal-container-max-width, 1200px)}#gspb_col-id-gsbp-fe10766.gspb_row__col--6{width:50%}@media (max-width:575.98px){#gspb_col-id-gsbp-fe10766.gspb_row__col--6{width:100%}}@media (min-width:992px){body.gspb-bodyfront #gspb_col-id-gsbp-fe10766.gspb_row__col--6{width:calc(30% - 0px - 0px)}}#gspb_image-id-gsbp-7586c29 img{vertical-align:top;display:inline-block;box-sizing:border-box;max-width:100%;height:auto}#gspb_col-id-gsbp-f3e2947.gspb_row__col--6{width:50%}@media (max-width:575.98px){#gspb_col-id-gsbp-f3e2947.gspb_row__col--6{width:100%}}@media (min-width:992px){body.gspb-bodyfront #gspb_col-id-gsbp-f3e2947.gspb_row__col--6{width:calc(70% - 0px - 0px)}}#gspb_heading-id-gsbp-66c91bb,#gspb_heading-id-gsbp-66c91bb a{text-decoration:none}#gspb_heading-id-gsbp-66c91bb{margin-top:0;margin-bottom:0}#gspb_col-id-gsbp-9f8dc27.gspb_row__col--6{width:50%}@media (max-width:575.98px){#gspb_col-id-gsbp-9f8dc27.gspb_row__col--6{width:100%}}@media (min-width:992px){body.gspb-bodyfront #gspb_col-id-gsbp-9f8dc27.gspb_row__col--6{width:calc(33% - 0px - 0px)}}#gspb_col-id-gsbp-ba74958.gspb_row__col--6{width:50%}@media (max-width:575.98px){#gspb_col-id-gsbp-ba74958.gspb_row__col--6{width:100%}}@media (min-width:992px){body.gspb-bodyfront #gspb_col-id-gsbp-ba74958.gspb_row__col--6{width:calc(33% - 0px - 0px)}}#gspb_col-id-gsbp-32a78b8.gspb_row__col--6{width:50%}@media (max-width:575.98px){#gspb_col-id-gsbp-32a78b8.gspb_row__col--6{width:100%}}@media (min-width:992px){body.gspb-bodyfront #gspb_col-id-gsbp-32a78b8.gspb_row__col--6{width:calc(33% - 0px - 0px)}}#gspb_col-id-gsbp-78c6896.gspb_row__col--6{width:50%}@media (max-width:575.98px){#gspb_col-id-gsbp-78c6896.gspb_row__col--6{width:100%}}@media (min-width:992px){body.gspb-bodyfront #gspb_col-id-gsbp-78c6896.gspb_row__col--6{width:calc(33% - 0px - 0px)}}#gspb_col-id-gsbp-320f5b7.gspb_row__col--6{width:50%}@media (max-width:575.98px){#gspb_col-id-gsbp-320f5b7.gspb_row__col--6{width:100%}}@media (min-width:992px){body.gspb-bodyfront #gspb_col-id-gsbp-320f5b7.gspb_row__col--6{width:calc(33% - 0px - 0px)}}#gspb_col-id-gsbp-a8a4a38.gspb_row__col--6{width:50%}@media (max-width:575.98px){#gspb_col-id-gsbp-a8a4a38.gspb_row__col--6{width:100%}}@media (min-width:992px){body.gspb-bodyfront #gspb_col-id-gsbp-a8a4a38.gspb_row__col--6{width:calc(33% - 0px - 0px)}}","footnotes":""},"class_list":["post-909","page","type-page","status-publish","hentry"],"blocksy_meta":[],"_links":{"self":[{"href":"https:\/\/hisemtech.com\/pt\/wp-json\/wp\/v2\/pages\/909","targetHints":{"allow":["GET"]}}],"collection":[{"href":"https:\/\/hisemtech.com\/pt\/wp-json\/wp\/v2\/pages"}],"about":[{"href":"https:\/\/hisemtech.com\/pt\/wp-json\/wp\/v2\/types\/page"}],"author":[{"embeddable":true,"href":"https:\/\/hisemtech.com\/pt\/wp-json\/wp\/v2\/users\/1"}],"replies":[{"embeddable":true,"href":"https:\/\/hisemtech.com\/pt\/wp-json\/wp\/v2\/comments?post=909"}],"version-history":[{"count":0,"href":"https:\/\/hisemtech.com\/pt\/wp-json\/wp\/v2\/pages\/909\/revisions"}],"wp:attachment":[{"href":"https:\/\/hisemtech.com\/pt\/wp-json\/wp\/v2\/media?parent=909"}],"curies":[{"name":"wp","href":"https:\/\/api.w.org\/{rel}","templated":true}]}}