{"id":432,"date":"2025-04-22T08:01:38","date_gmt":"2025-04-22T08:01:38","guid":{"rendered":"https:\/\/hisemtech.com\/?page_id=432"},"modified":"2025-04-22T08:03:45","modified_gmt":"2025-04-22T08:03:45","slug":"reembolso_devolucoes","status":"publish","type":"page","link":"https:\/\/hisemtech.com\/pt\/refund_returns\/","title":{"rendered":"Pol\u00edtica de Reembolso"},"content":{"rendered":"<div class=\"wp-block-greenshift-blocks-row alignfull gspb_row gspb_row-id-gsbp-a7bdcb2\" id=\"gspb_row-id-gsbp-a7bdcb2\"><div class=\"gspb_backgroundOverlay\"><\/div><div class=\"gspb_row__content\"> \n<div class=\"wp-block-greenshift-blocks-row-column gspb_row__col--12 gspb_col-id-gsbp-b613ad8\" id=\"gspb_col-id-gsbp-b613ad8\">\n<h1 id=\"gspb_heading-id-gsbp-add365e\" class=\"gspb_heading gspb_heading-id-gsbp-add365e\">Pol\u00edtica de Reembolso<\/h1>\n\n\n<div class=\"gspb_id-gsbp-c632d8f gspb-breadcrumbs wp-block-greenshift-blocks-breadcrumbs\"><\/div><\/div>\n <\/div><\/div>\n\n\n\n<div class=\"wp-block-greenshift-blocks-row gspb_row gspb_row-id-gsbp-fe4e863\" id=\"gspb_row-id-gsbp-fe4e863\"><div class=\"gspb_row__content\"> \n<div class=\"wp-block-greenshift-blocks-row-column gspb_row__col--12 gspb_col-id-gsbp-d8ddfd0\" id=\"gspb_col-id-gsbp-d8ddfd0\">\n<div id=\"gspb_text-id-gsbp-8cafada\" class=\"gspb_text gspb_text-id-gsbp-8cafada\">Na Hisem New Energy Technology Co., Ltd., nos esfor\u00e7amos para fornecer produtos de alta qualidade e um excelente atendimento ao cliente. Entendemos que, \u00e0s vezes, um produto pode n\u00e3o atender \u00e0s suas expectativas. Nesse caso, oferecemos uma pol\u00edtica de reembolso que permite a devolu\u00e7\u00e3o do produto dentro de um determinado prazo a partir da data da compra.<br><br>Observe que n\u00e3o podemos fazer promessas ou garantias sobre o resultado de qualquer produto que oferecemos. Nos esfor\u00e7amos para fornecer produtos de alta qualidade, mas o sucesso de qualquer produto depende de v\u00e1rios fatores que est\u00e3o fora do nosso controle. Portanto, n\u00e3o podemos oferecer reembolsos com base no resultado de qualquer produto.<br><br>Nossa pol\u00edtica de reembolso \u00e9 a seguinte:<br>Se voc\u00ea n\u00e3o estiver satisfeito com o produto, voc\u00ea poder\u00e1 ter direito a uma devolu\u00e7\u00e3o.<br>Para iniciar uma devolu\u00e7\u00e3o, entre em contato conosco em\u00a0<a href=\"mailto:pan.zhao@hisemtech.com\" data-type=\"mailto\" data-id=\"mailto:pan.zhao@hisemtech.com\"><strong><em><a href=\"mailto:pan.zhao@hisemtech.com\">pan.zhao@hisemtech.com<\/a><\/em><\/strong><\/a>O produto deve estar na embalagem original e em condi\u00e7\u00f5es novas para poder ser devolvido.<br>As taxas de envio e manuseio n\u00e3o s\u00e3o reembols\u00e1veis.<br>Assim que recebermos o produto, iremos avali\u00e1-lo e determinar se a devolu\u00e7\u00e3o \u00e9 apropriada.<br>Observe que nos reservamos o direito de recusar uma devolu\u00e7\u00e3o se o produto n\u00e3o atender aos crit\u00e9rios da nossa pol\u00edtica de devolu\u00e7\u00e3o.<br><br>Se voc\u00ea tiver alguma d\u00favida ou preocupa\u00e7\u00e3o sobre nossa pol\u00edtica de reembolso, n\u00e3o hesite em nos contatar em\u00a0<a href=\"mailto:pan.zhao@hisemtech.com\" data-type=\"mailto\" data-id=\"mailto:sssk_marketing@163.com\"><strong><em><a href=\"mailto:pan.zhao@hisemtech.com\">pan.zhao@hisemtech.com<\/a><\/em><\/strong><\/a><\/div>\n<\/div>\n <\/div><\/div>","protected":false},"excerpt":{"rendered":"","protected":false},"author":1,"featured_media":0,"parent":0,"menu_order":0,"comment_status":"closed","ping_status":"closed","template":"","meta":{"_gspb_post_css":"#gspb_row-id-gsbp-a7bdcb2{justify-content:space-between;margin-top:0;margin-bottom:0;display:flex;flex-wrap:wrap;min-height:50vh;align-content:center;background-size:cover;background-repeat:no-repeat;background-image:url(http:\/\/hisemtech.com\/wp-content\/uploads\/2025\/04\/001.jpg);isolation:isolate}#gspb_row-id-gsbp-a7bdcb2>.gspb_row__content{display:flex;justify-content:space-between;margin:0 auto;width:100%;flex-wrap:wrap;align-items:center}div[id^=gspb_col-id]{box-sizing:border-box;position:relative;padding:var(--gs-row-column-padding, 15px min(3vw, 20px))}#gspb_row-id-gsbp-a7bdcb2:hover{background-size:cover}#gspb_row-id-gsbp-a7bdcb2>.gspb_backgroundOverlay{position:absolute;top:0;left:0;width:100%;height:100%;z-index:-1;opacity:.16;background-color:var(--wp--preset--color--palette-color-1, var(--theme-palette-color-1, #004ea2))}#gspb_col-id-gsbp-b613ad8.gspb_row__col--12{width:100%}@media (max-width:575.98px){#gspb_col-id-gsbp-b613ad8.gspb_row__col--12{width:100%}}.gspb_row #gspb_col-id-gsbp-b613ad8.gspb_row__col--12{padding-top:50px}#gspb_heading-id-gsbp-add365e{text-transform:uppercase;text-align:center!important}#gspb_heading-id-gsbp-add365e .gsap-g-line{text-align:center!important}#gspb_heading-id-gsbp-add365e,.gspb_id-gsbp-c632d8f .gspb-current-breadcrumb,.gspb_id-gsbp-c632d8f .gspb-separator-breadcrumbs,.gspb_id-gsbp-c632d8f a{color:var(--wp--preset--color--palette-color-8, var(--theme-palette-color-8, #ffffff))}.gspb_id-gsbp-c632d8f{display:flex;align-items:center;justify-content:center;gap:5px;flex-wrap:wrap}#gspb_row-id-gsbp-fe4e863{justify-content:space-between;display:flex;flex-wrap:wrap;margin-top:80px;margin-bottom:80px}#gspb_row-id-gsbp-fe4e863>.gspb_row__content{display:flex;justify-content:space-between;margin:0 auto;width:100%;flex-wrap:wrap}.gspb_row{position:relative}body.gspb-bodyfront #gspb_row-id-gsbp-a7bdcb2>.gspb_row__content,body.gspb-bodyfront #gspb_row-id-gsbp-fe4e863>.gspb_row__content{width:var(--theme-container-width, 1200px);max-width:var(--theme-normal-container-max-width, 1200px)}#gspb_col-id-gsbp-d8ddfd0.gspb_row__col--12{width:100%}@media (max-width:575.98px){#gspb_col-id-gsbp-d8ddfd0.gspb_row__col--12{width:100%}}.gspb_row #gspb_col-id-gsbp-d8ddfd0.gspb_row__col--12{padding:0}.gspb_text-id-gsbp-8cafada{color:#4e4e4e}","footnotes":""},"class_list":["post-432","page","type-page","status-publish","hentry"],"blocksy_meta":[],"_links":{"self":[{"href":"https:\/\/hisemtech.com\/pt\/wp-json\/wp\/v2\/pages\/432","targetHints":{"allow":["GET"]}}],"collection":[{"href":"https:\/\/hisemtech.com\/pt\/wp-json\/wp\/v2\/pages"}],"about":[{"href":"https:\/\/hisemtech.com\/pt\/wp-json\/wp\/v2\/types\/page"}],"author":[{"embeddable":true,"href":"https:\/\/hisemtech.com\/pt\/wp-json\/wp\/v2\/users\/1"}],"replies":[{"embeddable":true,"href":"https:\/\/hisemtech.com\/pt\/wp-json\/wp\/v2\/comments?post=432"}],"version-history":[{"count":0,"href":"https:\/\/hisemtech.com\/pt\/wp-json\/wp\/v2\/pages\/432\/revisions"}],"wp:attachment":[{"href":"https:\/\/hisemtech.com\/pt\/wp-json\/wp\/v2\/media?parent=432"}],"curies":[{"name":"wp","href":"https:\/\/api.w.org\/{rel}","templated":true}]}}