{"id":1933,"date":"2025-05-22T00:48:27","date_gmt":"2025-05-22T00:48:27","guid":{"rendered":"https:\/\/hisemtech.com\/?page_id=1933"},"modified":"2025-12-09T14:37:22","modified_gmt":"2025-12-09T06:37:22","slug":"perguntas-frequentes","status":"publish","type":"page","link":"https:\/\/hisemtech.com\/pt\/faq\/","title":{"rendered":"Perguntas frequentes"},"content":{"rendered":"<div class=\"wp-block-greenshift-blocks-row alignfull gspb_row gspb_row-id-gsbp-a7bdcb2\" id=\"gspb_row-id-gsbp-a7bdcb2\"><div class=\"gspb_backgroundOverlay\"><\/div><div class=\"gspb_row__content\"> \n<div class=\"wp-block-greenshift-blocks-row-column gspb_row__col--12 gspb_col-id-gsbp-b613ad8\" id=\"gspb_col-id-gsbp-b613ad8\">\n<h1 id=\"gspb_heading-id-gsbp-add365e\" class=\"gspb_heading gspb_heading-id-gsbp-add365e\">Perguntas frequentes<\/h1>\n\n\n<\/div>\n <\/div><\/div>\n\n\n\n<div class=\"wp-block-greenshift-blocks-row gspb_row gspb_row-id-gsbp-28529dd gspb_row--gutter-60\" id=\"gspb_row-id-gsbp-28529dd\"><div class=\"gspb_row__content\"> \n<div class=\"wp-block-greenshift-blocks-row-column gspb_row__col--6 gspb_row__col--md-12 gspb_col-id-gsbp-7e9a415\" id=\"gspb_col-id-gsbp-7e9a415\">\n<div class=\"wp-block-greenshift-blocks-accordion gs-accordion gspb_accordion-id-gsbp-71e8e3f\" id=\"gspb_accordion-id-gsbp-71e8e3f\" >\n<div class=\"wp-block-greenshift-blocks-accordionitem gs-accordion-item gspb_accordionitem-gsbp-575bafc gsclose\" id=\"gspb_accordionitem-gsbp-575bafc\" itemscope><div id=\"gs-trigger-gsbp-71e8e3f-0\" class=\"gs-accordion-item__title\" aria-expanded=\"false\" role=\"button\" tabindex=\"0\" aria-controls=\"gspb-accordion-item-content-gsbp-575bafc\"><div class=\"gs-accordion-item__heading\">Que tipos de personaliza\u00e7\u00e3o de produtos voc\u00ea oferece?<\/div><span class=\"iconfortoggle\"><span class=\"gs-iconbefore\"><\/span><span class=\"gs-iconafter\"><\/span><\/span><\/div><div aria-labelledby=\"gs-trigger-gsbp-71e8e3f-0\" class=\"gs-accordion-item__content\" itemscope id=\"gspb-accordion-item-content-gsbp-575bafc\" aria-hidden=\"true\"><div class=\"gs-accordion-item__text\">\n<p>Oferecemos uma ampla gama de op\u00e7\u00f5es de personaliza\u00e7\u00e3o, incluindo especifica\u00e7\u00f5es de produtos, materiais, processos, fun\u00e7\u00f5es, logotipos e embalagens. Solu\u00e7\u00f5es personalizadas podem ser adaptadas \u00e0s suas necessidades espec\u00edficas e cen\u00e1rios de aplica\u00e7\u00e3o. <\/p>\n<\/div><\/div><\/div>\n\n\n\n<div class=\"wp-block-greenshift-blocks-accordionitem gs-accordion-item gspb_accordionitem-gsbp-41ba252 gsclose\" id=\"gspb_accordionitem-gsbp-41ba252\" itemscope><div id=\"gs-trigger-gsbp-71e8e3f-1\" class=\"gs-accordion-item__title\" aria-expanded=\"false\" role=\"button\" tabindex=\"0\" aria-controls=\"gspb-accordion-item-content-gsbp-41ba252\"><div class=\"gs-accordion-item__heading\">Qual \u00e9 a quantidade m\u00ednima do seu pedido (MOQ)?<\/div><span class=\"iconfortoggle\"><span class=\"gs-iconbefore\"><\/span><span class=\"gs-iconafter\"><\/span><\/span><\/div><div aria-labelledby=\"gs-trigger-gsbp-71e8e3f-1\" class=\"gs-accordion-item__content\" itemscope id=\"gspb-accordion-item-content-gsbp-41ba252\" aria-hidden=\"true\"><div class=\"gs-accordion-item__text\">\n<p>A quantidade m\u00ednima de pedido varia de acordo com o tipo de produto. Entre em contato conosco para obter detalhes espec\u00edficos sobre a quantidade m\u00ednima de pedido do produto desejado.<\/p>\n<\/div><\/div><\/div>\n\n\n\n<div class=\"wp-block-greenshift-blocks-accordionitem gs-accordion-item gspb_accordionitem-gsbp-26dc044 gsclose\" id=\"gspb_accordionitem-gsbp-26dc044\" itemscope><div id=\"gs-trigger-gsbp-71e8e3f-2\" class=\"gs-accordion-item__title\" aria-expanded=\"false\" role=\"button\" tabindex=\"0\" aria-controls=\"gspb-accordion-item-content-gsbp-26dc044\"><div class=\"gs-accordion-item__heading\">Voc\u00eas podem fornecer amostras? H\u00e1 alguma taxa?<\/div><span class=\"iconfortoggle\"><span class=\"gs-iconbefore\"><\/span><span class=\"gs-iconafter\"><\/span><\/span><\/div><div aria-labelledby=\"gs-trigger-gsbp-71e8e3f-2\" class=\"gs-accordion-item__content\" itemscope id=\"gspb-accordion-item-content-gsbp-26dc044\" aria-hidden=\"true\"><div class=\"gs-accordion-item__text\">\n<p>Sim, podemos fornecer amostras mediante solicita\u00e7\u00e3o. Algumas amostras s\u00e3o gratuitas, enquanto outras podem ser cobradas, dependendo do produto. Consulte nossa equipe de vendas para obter mais detalhes.<\/p>\n<\/div><\/div><\/div>\n\n\n\n<div class=\"wp-block-greenshift-blocks-accordionitem gs-accordion-item gspb_accordionitem-gsbp-75630a8 gsclose\" id=\"gspb_accordionitem-gsbp-75630a8\" itemscope><div id=\"gs-trigger-gsbp-71e8e3f-3\" class=\"gs-accordion-item__title\" aria-expanded=\"false\" role=\"button\" tabindex=\"0\" aria-controls=\"gspb-accordion-item-content-gsbp-75630a8\"><div class=\"gs-accordion-item__heading\">Qual \u00e9 o prazo de produ\u00e7\u00e3o e entrega?<\/div><span class=\"iconfortoggle\"><span class=\"gs-iconbefore\"><\/span><span class=\"gs-iconafter\"><\/span><\/span><\/div><div aria-labelledby=\"gs-trigger-gsbp-71e8e3f-3\" class=\"gs-accordion-item__content\" itemscope id=\"gspb-accordion-item-content-gsbp-75630a8\" aria-hidden=\"true\"><div class=\"gs-accordion-item__text\">\n<p>O prazo de entrega para amostras \u00e9 normalmente de 7 a 15 dias, e a produ\u00e7\u00e3o em massa geralmente leva de 20 a 45 dias, dependendo da quantidade do pedido e do tipo de produto.<\/p>\n<\/div><\/div><\/div>\n\n\n\n<div class=\"wp-block-greenshift-blocks-accordionitem gs-accordion-item gspb_accordionitem-gsbp-29e249a gsclose\" id=\"gspb_accordionitem-gsbp-29e249a\" itemscope><div id=\"gs-trigger-gsbp-71e8e3f-4\" class=\"gs-accordion-item__title\" aria-expanded=\"false\" role=\"button\" tabindex=\"0\" aria-controls=\"gspb-accordion-item-content-gsbp-29e249a\"><div class=\"gs-accordion-item__heading\">Quais m\u00e9todos de envio voc\u00eas aceitam?<\/div><span class=\"iconfortoggle\"><span class=\"gs-iconbefore\"><\/span><span class=\"gs-iconafter\"><\/span><\/span><\/div><div aria-labelledby=\"gs-trigger-gsbp-71e8e3f-4\" class=\"gs-accordion-item__content\" itemscope id=\"gspb-accordion-item-content-gsbp-29e249a\" aria-hidden=\"true\"><div class=\"gs-accordion-item__text\">\n<p>Oferecemos op\u00e7\u00f5es de frete mar\u00edtimo, a\u00e9reo, entrega expressa e transporte multimodal. Solu\u00e7\u00f5es personalizadas de log\u00edstica e desembara\u00e7o aduaneiro tamb\u00e9m est\u00e3o dispon\u00edveis, de acordo com suas necessidades.<\/p>\n<\/div><\/div><\/div>\n<\/div>\n<\/div>\n\n\n\n<div class=\"wp-block-greenshift-blocks-row-column gspb_row__col--6 gspb_row__col--md-12 gspb_col-id-gsbp-8b72d4e\" id=\"gspb_col-id-gsbp-8b72d4e\">\n<div class=\"wp-block-greenshift-blocks-accordion gs-accordion gspb_accordion-id-gsbp-45d8d80\" id=\"gspb_accordion-id-gsbp-45d8d80\" >\n<div class=\"wp-block-greenshift-blocks-accordionitem gs-accordion-item gspb_accordionitem-gsbp-fd9c08b gsclose\" id=\"gspb_accordionitem-gsbp-fd9c08b\" itemscope><div id=\"gs-trigger-gsbp-45d8d80-0\" class=\"gs-accordion-item__title\" aria-expanded=\"false\" role=\"button\" tabindex=\"0\" aria-controls=\"gspb-accordion-item-content-gsbp-fd9c08b\"><div class=\"gs-accordion-item__heading\">Como voc\u00ea garante a qualidade do produto?<\/div><span class=\"iconfortoggle\"><span class=\"gs-iconbefore\"><\/span><span class=\"gs-iconafter\"><\/span><\/span><\/div><div aria-labelledby=\"gs-trigger-gsbp-45d8d80-0\" class=\"gs-accordion-item__content\" itemscope id=\"gspb-accordion-item-content-gsbp-fd9c08b\" aria-hidden=\"true\"><div class=\"gs-accordion-item__text\">\n<p>N\u00f3s seguimos rigorosamente <a href=\"https:\/\/en.wikipedia.org\/wiki\/Quality_management\" target=\"_blank\" rel=\"noopener\">padr\u00f5es internacionais de gest\u00e3o da qualidade<\/a>, com equipes profissionais de inspe\u00e7\u00e3o de qualidade durante todo o processo de produ\u00e7\u00e3o para garantir que cada lote atenda aos requisitos do cliente e do mercado.<\/p>\n<\/div><\/div><\/div>\n\n\n\n<div class=\"wp-block-greenshift-blocks-accordionitem gs-accordion-item gspb_accordionitem-gsbp-fa9bb3a gsclose\" id=\"gspb_accordionitem-gsbp-fa9bb3a\" itemscope><div id=\"gs-trigger-gsbp-45d8d80-1\" class=\"gs-accordion-item__title\" aria-expanded=\"false\" role=\"button\" tabindex=\"0\" aria-controls=\"gspb-accordion-item-content-gsbp-fa9bb3a\"><div class=\"gs-accordion-item__heading\">Voc\u00eas oferecem servi\u00e7os OEM\/ODM?<\/div><span class=\"iconfortoggle\"><span class=\"gs-iconbefore\"><\/span><span class=\"gs-iconafter\"><\/span><\/span><\/div><div aria-labelledby=\"gs-trigger-gsbp-45d8d80-1\" class=\"gs-accordion-item__content\" itemscope id=\"gspb-accordion-item-content-gsbp-fa9bb3a\" aria-hidden=\"true\"><div class=\"gs-accordion-item__text\">\n<p>Sim, n\u00f3s fornecemos ambos <a href=\"https:\/\/en.wikipedia.org\/wiki\/Original_design_manufacturer\" target=\"_blank\" rel=\"noopener\">Fabricante de equipamento original (OEM)<\/a> e <a href=\"https:\/\/en.wikipedia.org\/wiki\/Original_equipment_manufacturer\" target=\"_blank\" rel=\"noopener\">ODM<\/a> servi\u00e7os. Sinta-se \u00e0 vontade para compartilhar seus designs ou ideias de desenvolvimento, e n\u00f3s o apoiaremos integralmente.<\/p>\n<\/div><\/div><\/div>\n\n\n\n<div class=\"wp-block-greenshift-blocks-accordionitem gs-accordion-item gspb_accordionitem-gsbp-837393a gsclose\" id=\"gspb_accordionitem-gsbp-837393a\" itemscope><div id=\"gs-trigger-gsbp-45d8d80-2\" class=\"gs-accordion-item__title\" aria-expanded=\"false\" role=\"button\" tabindex=\"0\" aria-controls=\"gspb-accordion-item-content-gsbp-837393a\"><div class=\"gs-accordion-item__heading\">Quais servi\u00e7os p\u00f3s-venda voc\u00eas oferecem?<\/div><span class=\"iconfortoggle\"><span class=\"gs-iconbefore\"><\/span><span class=\"gs-iconafter\"><\/span><\/span><\/div><div aria-labelledby=\"gs-trigger-gsbp-45d8d80-2\" class=\"gs-accordion-item__content\" itemscope id=\"gspb-accordion-item-content-gsbp-837393a\" aria-hidden=\"true\"><div class=\"gs-accordion-item__text\">\n<p>Oferecemos suporte p\u00f3s-venda individual, incluindo rastreamento de remessas, assist\u00eancia t\u00e9cnica e tratamento de problemas de qualidade, garantindo que voc\u00ea tenha uma experi\u00eancia sem preocupa\u00e7\u00f5es.<\/p>\n<\/div><\/div><\/div>\n\n\n\n<div class=\"wp-block-greenshift-blocks-accordionitem gs-accordion-item gspb_accordionitem-gsbp-c329ce9 gsclose\" id=\"gspb_accordionitem-gsbp-c329ce9\" itemscope><div id=\"gs-trigger-gsbp-45d8d80-3\" class=\"gs-accordion-item__title\" aria-expanded=\"false\" role=\"button\" tabindex=\"0\" aria-controls=\"gspb-accordion-item-content-gsbp-c329ce9\"><div class=\"gs-accordion-item__heading\">Podemos visitar sua f\u00e1brica?<\/div><span class=\"iconfortoggle\"><span class=\"gs-iconbefore\"><\/span><span class=\"gs-iconafter\"><\/span><\/span><\/div><div aria-labelledby=\"gs-trigger-gsbp-45d8d80-3\" class=\"gs-accordion-item__content\" itemscope id=\"gspb-accordion-item-content-gsbp-c329ce9\" aria-hidden=\"true\"><div class=\"gs-accordion-item__text\">\n<p>Com certeza. Convidamos todos os nossos parceiros comerciais a visitarem nossas instala\u00e7\u00f5es. Voc\u00ea pode agendar uma visita presencial ou solicitar um tour virtual pela f\u00e1brica por videochamada.<\/p>\n<\/div><\/div><\/div>\n\n\n\n<div class=\"wp-block-greenshift-blocks-accordionitem gs-accordion-item gspb_accordionitem-gsbp-b24301c gsclose\" id=\"gspb_accordionitem-gsbp-b24301c\" itemscope><div id=\"gs-trigger-gsbp-45d8d80-4\" class=\"gs-accordion-item__title\" aria-expanded=\"false\" role=\"button\" tabindex=\"0\" aria-controls=\"gspb-accordion-item-content-gsbp-b24301c\"><div class=\"gs-accordion-item__heading\">Posso solicitar amostras antes de fazer um pedido em massa?<\/div><span class=\"iconfortoggle\"><span class=\"gs-iconbefore\"><\/span><span class=\"gs-iconafter\"><\/span><\/span><\/div><div aria-labelledby=\"gs-trigger-gsbp-45d8d80-4\" class=\"gs-accordion-item__content\" itemscope id=\"gspb-accordion-item-content-gsbp-b24301c\" aria-hidden=\"true\"><div class=\"gs-accordion-item__text\">\n<p>Sim, oferecemos amostras para avalia\u00e7\u00e3o de qualidade. Taxas de amostra podem ser aplicadas e podem ser reembolsadas ap\u00f3s a confirma\u00e7\u00e3o do pedido em massa. Entre em contato conosco para mais detalhes.<\/p>\n<\/div><\/div><\/div>\n<\/div>\n<\/div>\n <\/div><\/div>\n\n\n\n<div class=\"wp-block-greenshift-blocks-row gspb_row gspb_row-id-gsbp-9946f2e\" id=\"gspb_row-id-gsbp-9946f2e\"><div class=\"gspb_row__content\"> \n<div class=\"wp-block-greenshift-blocks-row-column gspb_row__col--12 gspb_col-id-gsbp-f63ecbd\" id=\"gspb_col-id-gsbp-f63ecbd\">\n<h4 id=\"gspb_heading-id-gsbp-83fc58d\" class=\"gspb_heading gspb_heading-id-gsbp-83fc58d\">Contate-nos<\/h4>\n\n\n\n<h6 id=\"gspb_heading-id-gsbp-40bac1d\" class=\"gspb_heading gspb_heading-id-gsbp-40bac1d\">Se voc\u00ea precisar de detalhes do produto, pre\u00e7os ou suporte t\u00e9cnico, estamos a apenas uma mensagem de dist\u00e2ncia \u2014 entre em contato com nossa equipe agora mesmo!<\/h6>\n\n\n<style><\/style><style><\/style><div class='fluentform ff-inherit-theme-style fluentform_wrapper_1  ff_guten_block ff_guten_block-1'><form data-form_id=\"1\" id=\"fluentform_1\" class=\"frm-fluent-form fluent_form_1 ff-el-form-top ff_form_instance_1_1 ff-form-loading ffs_inherit_theme\" data-form_instance=\"ff_form_instance_1_1\" method=\"POST\" action=\"\" ><fieldset  style=\"border: none!important;margin: 0!important;padding: 0!important;background-color: transparent!important;box-shadow: none!important;outline: none!important; min-inline-size: 100%;\">\n                    <legend class=\"ff_screen_reader_title\" style=\"display: block; margin: 0!important;padding: 0!important;height: 0!important;text-indent: -999999px;width: 0!important;overflow:hidden;\">\u5b98\u7f51\u8be2\u76d8<\/legend>        <div\n                style=\"display: none!important; position: absolute!important; transform: translateX(1000%)!important;\"\n                class=\"ff-el-group ff-hpsf-container\"\n        >\n            <div class=\"ff-el-input--label asterisk-right\">\n                <label for=\"ff_1_item_sf\" aria-label=\"Atualiza\u00e7\u00f5es\">\n                    Atualiza\u00e7\u00f5es                <\/label>\n            <\/div>\n            <div class=\"ff-el-input--content\">\n                <input type=\"text\"\n                       name=\"item_1__fluent_sf\"\n                       class=\"ff-el-form-control\"\n                       id=\"ff_1_item_sf\"\n                \/>\n            <\/div>\n        <\/div>\n                <input type=\"hidden\" id=\"__fluent_protection_token_1\" class=\"fluent-form-token-field\" name=\"__fluent_protection_token_1\">\n        <input type='hidden' name='__fluent_form_embded_post_id' value='1933' \/><input type=\"hidden\" id=\"_fluentform_1_fluentformnonce\" name=\"_fluentform_1_fluentformnonce\" value=\"2610b4eb5b\" \/><input type=\"hidden\" name=\"_wp_http_referer\" value=\"\/pt\/wp-json\/wp\/v2\/pages\/1933\" \/><div class='ff-el-group'><div class=\"ff-el-input--label ff-el-is-required asterisk-right\"><label for='ff_1_input_text' id='label_ff_1_input_text' aria-label=\"Nome\">Nome<\/label><\/div><div class='ff-el-input--content'><input type=\"text\" name=\"input_text\" class=\"ff-el-form-control\" placeholder=\"Nome\" data-name=\"input_text\" id=\"ff_1_input_text\"  aria-invalid=\"false\" aria-required=\"true\"><\/div><\/div><div class='ff-el-group'><div class=\"ff-el-input--label ff-el-is-required asterisk-right\"><label for='ff_1_email' id='label_ff_1_email' aria-label=\"E-mail\">E-mail<\/label><\/div><div class='ff-el-input--content'><input type=\"email\" name=\"email\" id=\"ff_1_email\" class=\"ff-el-form-control\" placeholder=\"Endere\u00e7o de email\" data-name=\"email\"  aria-invalid=\"false\" aria-required=\"true\"><\/div><\/div><div class='ff-el-group'><div class=\"ff-el-input--label ff-el-is-required asterisk-right\"><label for='ff_1_subject' id='label_ff_1_subject' aria-label=\"Whatsapp\/Telefone\">Whatsapp\/Telefone<\/label><\/div><div class='ff-el-input--content'><input type=\"text\" name=\"subject\" class=\"ff-el-form-control\" placeholder=\"Whatsapp\/Telefone\" data-name=\"subject\" id=\"ff_1_subject\"  aria-invalid=\"false\" aria-required=\"true\"><\/div><\/div><div class='ff-el-group'><div class=\"ff-el-input--label asterisk-right\"><label for='ff_1_message' id='label_ff_1_message' aria-label=\"Sua mensagem\">Sua mensagem<\/label><\/div><div class='ff-el-input--content'><textarea aria-required=\"false\" aria-labelledby=\"label_ff_1_message\" name=\"message\" id=\"ff_1_message\" class=\"ff-el-form-control\" placeholder=\"Sua mensagem\" rows=\"4\" cols=\"2\" data-name=\"message\" ><\/textarea><\/div><\/div><div class='ff-el-group ff-text-left ff_submit_btn_wrapper'><button type=\"submit\" class=\"ff-btn ff-btn-submit ff-btn-md ff_btn_no_style\"  aria-label=\"Enviar formul\u00e1rio\">Enviar formul\u00e1rio<\/button><\/div><\/fieldset><input type=\"hidden\" name=\"trp-form-language\" value=\"pt\"\/><\/form><div id='fluentform_1_errors' class='ff-errors-in-stack ff_form_instance_1_1 ff-form-loading_errors ff_form_instance_1_1_errors'><\/div><\/div>            <script type=\"text\/javascript\">\n                window.fluent_form_ff_form_instance_1_1 = {\"id\":\"1\",\"settings\":{\"layout\":{\"labelPlacement\":\"top\",\"helpMessagePlacement\":\"with_label\",\"errorMessagePlacement\":\"inline\",\"cssClassName\":\"\",\"asteriskPlacement\":\"asterisk-right\"},\"restrictions\":{\"denyEmptySubmission\":{\"enabled\":false}}},\"form_instance\":\"ff_form_instance_1_1\",\"form_id_selector\":\"fluentform_1\",\"rules\":{\"input_text\":{\"required\":{\"value\":true,\"message\":\"This field is required\",\"global_message\":\"This field is required\",\"global\":true}},\"email\":{\"required\":{\"value\":true,\"message\":\"This field is required\",\"global\":false,\"global_message\":\"This field is required\"},\"email\":{\"value\":true,\"message\":\"This field must contain a valid email\",\"global\":false,\"global_message\":\"This field must contain a valid email\"}},\"subject\":{\"required\":{\"value\":true,\"message\":\"This field is required\",\"global\":false,\"global_message\":\"This field is required\"}},\"message\":{\"required\":{\"value\":false,\"message\":\"This field is required\",\"global\":false,\"global_message\":\"This field is required\"}}},\"debounce_time\":300};\n                            <\/script>\n            <\/div>\n <\/div><\/div>","protected":false},"excerpt":{"rendered":"","protected":false},"author":1,"featured_media":0,"parent":0,"menu_order":0,"comment_status":"closed","ping_status":"closed","template":"","meta":{"_gspb_post_css":"#gspb_row-id-gsbp-a7bdcb2{justify-content:space-between;margin-top:0;margin-bottom:0;display:flex;flex-wrap:wrap;min-height:50vh;align-content:center;background-size:cover;background-repeat:no-repeat;background-position:52% 44%;background-image:url(http:\/\/hisemtech.com\/wp-content\/uploads\/2025\/05\/234.jpg);isolation:isolate}#gspb_row-id-gsbp-a7bdcb2>.gspb_row__content{display:flex;justify-content:space-between;margin:0 auto;width:100%;flex-wrap:wrap;align-items:center}.gspb_row{position:relative}div[id^=gspb_col-id]{box-sizing:border-box;position:relative;padding:var(--gs-row-column-padding, 15px min(3vw, 20px))}#gspb_row-id-gsbp-a7bdcb2:hover{background-size:cover}#gspb_row-id-gsbp-a7bdcb2>.gspb_backgroundOverlay{position:absolute;top:0;left:0;width:100%;height:100%;z-index:-1;opacity:.16;background-color:var(--wp--preset--color--palette-color-1, var(--theme-palette-color-1, #004ea2))}#gspb_col-id-gsbp-b613ad8.gspb_row__col--12{width:100%}@media (max-width:575.98px){#gspb_col-id-gsbp-b613ad8.gspb_row__col--12{width:100%}}.gspb_row #gspb_col-id-gsbp-b613ad8.gspb_row__col--12{padding-top:50px}body #gspb_col-id-gsbp-b613ad8.gspb_row__col--12{display:flex;flex-direction:column;align-items:center;row-gap:20px}#gspb_heading-id-gsbp-add365e{text-transform:uppercase;text-align:center!important;color:var(--wp--preset--color--palette-color-8, var(--theme-palette-color-8, #ffffff))}#gspb_heading-id-gsbp-add365e .gsap-g-line{text-align:center!important}#gspb_row-id-gsbp-28529dd,#gspb_row-id-gsbp-9946f2e{justify-content:space-between;margin-bottom:0;display:flex;flex-wrap:wrap;margin-top:100px}#gspb_row-id-gsbp-28529dd>.gspb_row__content{display:flex;justify-content:space-between;margin:0 auto;width:100%;flex-wrap:wrap}body.gspb-bodyfront #gspb_row-id-gsbp-28529dd>.gspb_row__content,body.gspb-bodyfront #gspb_row-id-gsbp-a7bdcb2>.gspb_row__content{width:var(--theme-container-width, 1200px);max-width:var(--theme-normal-container-max-width, 1200px)}#gspb_col-id-gsbp-7e9a415.gspb_row__col--6{width:calc(50% - 30px)}@media (max-width:991.98px){#gspb_col-id-gsbp-7e9a415.gspb_row__col--6{width:100%}}@media (max-width:767.98px){#gspb_col-id-gsbp-7e9a415.gspb_row__col--6{width:calc(100% - 30px)}}@media (max-width:575.98px){#gspb_col-id-gsbp-7e9a415.gspb_row__col--6{width:100%}}@media (min-width:992px){body.gspb-bodyfront #gspb_col-id-gsbp-7e9a415.gspb_row__col--6{width:calc(50% - 30px - 0px)}}.gspb_row #gspb_col-id-gsbp-7e9a415.gspb_row__col--6{padding:0}body #gspb_col-id-gsbp-7e9a415.gspb_row__col--6{display:flex;flex-direction:column;justify-content:center}#gspb_accordion-id-gsbp-71e8e3f .gs-accordion-item.gsclose>.gs-accordion-item__content{overflow:hidden;opacity:0}#gspb_accordion-id-gsbp-71e8e3f .gs-accordion-item.gsopen>.gs-accordion-item__content{opacity:1;max-height:5000px}#gspb_accordion-id-gsbp-71e8e3f .gs-accordion-item>.gs-accordion-item__title>.gs-accordion-item__heading{outline:0;text-decoration:none;margin:0!important;padding:0!important;flex-grow:1}#gspb_accordion-id-gsbp-71e8e3f .gs-accordion-item>.gs-accordion-item__title{z-index:1;margin:0;cursor:pointer;transition:all .3s ease-in-out;position:relative;display:flex;justify-content:space-between;align-items:center;flex-wrap:nowrap}#gspb_accordion-id-gsbp-71e8e3f .gs-accordion-item>.gs-accordion-item__content{z-index:0;position:relative;max-height:0;will-change:max-height;transition:all .25s ease-out}#gspb_accordion-id-gsbp-71e8e3f .gs-accordion-item>.gs-accordion-item__content,#gspb_accordion-id-gsbp-71e8e3f .gs-accordion-item>.gs-accordion-item__title{background-color:#f9f9f9;border-style:solid;border-width:1px;border-color:var(--wp--preset--color--border, #00000012)}#gspb_accordion-id-gsbp-71e8e3f .gs-accordion-item>.gs-accordion-item__content{background-color:#fff;border-top-color:#00000000}#gspb_accordion-id-gsbp-71e8e3f .gs-accordion-item{margin-bottom:10px}#gspb_accordion-id-gsbp-71e8e3f .gs-accordion-item>.gs-accordion-item__content>.gs-accordion-item__text,#gspb_accordion-id-gsbp-71e8e3f .gs-accordion-item>.gs-accordion-item__title{padding:15px 20px}.gs-accordion .gs-accordion-item.gsopen .gs-accordion-item__title .gs-iconafter{transform:rotate(0)}#gspb_col-id-gsbp-8b72d4e.gspb_row__col--6{width:calc(50% - 30px)}@media (max-width:991.98px){#gspb_col-id-gsbp-8b72d4e.gspb_row__col--6{width:100%}}@media (max-width:767.98px){#gspb_col-id-gsbp-8b72d4e.gspb_row__col--6{width:calc(100% - 30px)}}@media (max-width:575.98px){#gspb_col-id-gsbp-8b72d4e.gspb_row__col--6{width:100%}}@media (min-width:992px){body.gspb-bodyfront #gspb_col-id-gsbp-8b72d4e.gspb_row__col--6{width:calc(50% - 30px - 0px)}}@media (max-width:991.98px){.gspb_row #gspb_col-id-gsbp-8b72d4e.gspb_row__col--6{padding:0}}#gspb_accordion-id-gsbp-45d8d80 .gs-accordion-item.gsclose>.gs-accordion-item__content{overflow:hidden;opacity:0}#gspb_accordion-id-gsbp-45d8d80 .gs-accordion-item.gsopen>.gs-accordion-item__content{opacity:1;max-height:5000px}#gspb_accordion-id-gsbp-45d8d80 .gs-accordion-item>.gs-accordion-item__title>.gs-accordion-item__heading{outline:0;text-decoration:none;margin:0!important;padding:0!important;flex-grow:1}#gspb_accordion-id-gsbp-45d8d80 .gs-accordion-item>.gs-accordion-item__title{z-index:1;margin:0;cursor:pointer;transition:all .3s ease-in-out;position:relative;display:flex;justify-content:space-between;align-items:center;flex-wrap:nowrap}#gspb_accordion-id-gsbp-45d8d80 .gs-accordion-item>.gs-accordion-item__content{z-index:0;position:relative;max-height:0;will-change:max-height;transition:all .25s ease-out}#gspb_accordion-id-gsbp-45d8d80 .gs-accordion-item>.gs-accordion-item__content,#gspb_accordion-id-gsbp-45d8d80 .gs-accordion-item>.gs-accordion-item__title{background-color:#f9f9f9;border-style:solid;border-width:1px;border-color:var(--wp--preset--color--border, #00000012)}#gspb_accordion-id-gsbp-45d8d80 .gs-accordion-item>.gs-accordion-item__content{background-color:#fff;border-top-color:#00000000}#gspb_accordion-id-gsbp-45d8d80 .gs-accordion-item>.gs-accordion-item__title span.iconfortoggle,#gspb_accordion-id-gsbp-71e8e3f .gs-accordion-item>.gs-accordion-item__title span.iconfortoggle{margin-left:15px;display:inline-block;height:14px;width:14px;position:relative}#gspb_accordion-id-gsbp-45d8d80 .gs-accordion-item{margin-bottom:10px}#gspb_accordion-id-gsbp-45d8d80 .gs-accordion-item>.gs-accordion-item__content>.gs-accordion-item__text,#gspb_accordion-id-gsbp-45d8d80 .gs-accordion-item>.gs-accordion-item__title{padding:15px 20px}.gs-accordion .gs-accordion-item__title span.iconfortoggle .gs-iconafter,.gs-accordion .gs-accordion-item__title span.iconfortoggle .gs-iconbefore{content:'';width:14px;height:2px;border-radius:2px;background-color:#111;position:absolute;top:6px;left:0}.gs-accordion .gs-accordion-item__title span.iconfortoggle .gs-iconafter{transform:rotate(90deg);transition:all .3s ease-in-out}#gspb_row-id-gsbp-9946f2e{margin-top:50px;margin-bottom:50px}#gspb_row-id-gsbp-9946f2e>.gspb_row__content{display:flex;justify-content:space-between;margin:0 auto;width:100%;flex-wrap:wrap}body.gspb-bodyfront #gspb_row-id-gsbp-9946f2e>.gspb_row__content{width:var(--theme-container-width, 1200px);max-width:var(--theme-normal-container-max-width, 1200px)}#gspb_col-id-gsbp-f63ecbd.gspb_row__col--12{width:100%}@media (max-width:575.98px){#gspb_col-id-gsbp-f63ecbd.gspb_row__col--12{width:100%}}.gspb_row #gspb_col-id-gsbp-f63ecbd.gspb_row__col--12{padding:0}#gspb_heading-id-gsbp-83fc58d{text-transform:capitalize;color:var(--wp--preset--color--palette-color-1, var(--theme-palette-color-1, #004ea2));margin-top:0;margin-bottom:0}#gspb_heading-id-gsbp-40bac1d{margin-top:0;margin-bottom:10px}","footnotes":""},"class_list":["post-1933","page","type-page","status-publish","hentry"],"blocksy_meta":[],"_links":{"self":[{"href":"https:\/\/hisemtech.com\/pt\/wp-json\/wp\/v2\/pages\/1933","targetHints":{"allow":["GET"]}}],"collection":[{"href":"https:\/\/hisemtech.com\/pt\/wp-json\/wp\/v2\/pages"}],"about":[{"href":"https:\/\/hisemtech.com\/pt\/wp-json\/wp\/v2\/types\/page"}],"author":[{"embeddable":true,"href":"https:\/\/hisemtech.com\/pt\/wp-json\/wp\/v2\/users\/1"}],"replies":[{"embeddable":true,"href":"https:\/\/hisemtech.com\/pt\/wp-json\/wp\/v2\/comments?post=1933"}],"version-history":[{"count":0,"href":"https:\/\/hisemtech.com\/pt\/wp-json\/wp\/v2\/pages\/1933\/revisions"}],"wp:attachment":[{"href":"https:\/\/hisemtech.com\/pt\/wp-json\/wp\/v2\/media?parent=1933"}],"curies":[{"name":"wp","href":"https:\/\/api.w.org\/{rel}","templated":true}]}}