{"id":432,"date":"2025-04-22T08:01:38","date_gmt":"2025-04-22T08:01:38","guid":{"rendered":"https:\/\/hisemtech.com\/?page_id=432"},"modified":"2025-04-22T08:03:45","modified_gmt":"2025-04-22T08:03:45","slug":"remboursement_retours","status":"publish","type":"page","link":"https:\/\/hisemtech.com\/fr\/refund_returns\/","title":{"rendered":"Politique de remboursement"},"content":{"rendered":"<div class=\"wp-block-greenshift-blocks-row alignfull gspb_row gspb_row-id-gsbp-a7bdcb2\" id=\"gspb_row-id-gsbp-a7bdcb2\"><div class=\"gspb_backgroundOverlay\"><\/div><div class=\"gspb_row__content\"> \n<div class=\"wp-block-greenshift-blocks-row-column gspb_row__col--12 gspb_col-id-gsbp-b613ad8\" id=\"gspb_col-id-gsbp-b613ad8\">\n<h1 id=\"gspb_heading-id-gsbp-add365e\" class=\"gspb_heading gspb_heading-id-gsbp-add365e\">Politique de remboursement<\/h1>\n\n\n<div class=\"gspb_id-gsbp-c632d8f gspb-breadcrumbs wp-block-greenshift-blocks-breadcrumbs\"><\/div><\/div>\n <\/div><\/div>\n\n\n\n<div class=\"wp-block-greenshift-blocks-row gspb_row gspb_row-id-gsbp-fe4e863\" id=\"gspb_row-id-gsbp-fe4e863\"><div class=\"gspb_row__content\"> \n<div class=\"wp-block-greenshift-blocks-row-column gspb_row__col--12 gspb_col-id-gsbp-d8ddfd0\" id=\"gspb_col-id-gsbp-d8ddfd0\">\n<div id=\"gspb_text-id-gsbp-8cafada\" class=\"gspb_text gspb_text-id-gsbp-8cafada\">Chez Hisem New Energy Technology Co., Ltd., nous nous effor\u00e7ons de fournir des produits de haute qualit\u00e9 et un excellent service client. Nous comprenons qu&#039;il arrive qu&#039;un produit ne r\u00e9ponde pas \u00e0 vos attentes. Dans ce cas, nous proposons une politique de remboursement qui vous permet de retourner le produit dans un d\u00e9lai d\u00e9termin\u00e9 \u00e0 compter de la date d&#039;achat.<br><br>Veuillez noter que nous ne pouvons faire aucune promesse ni garantir le r\u00e9sultat des produits que nous proposons. Nous nous effor\u00e7ons de fournir des produits de haute qualit\u00e9, mais le succ\u00e8s de chaque produit d\u00e9pend de divers facteurs ind\u00e9pendants de notre volont\u00e9. Par cons\u00e9quent, nous ne pouvons pas offrir de remboursement en fonction du r\u00e9sultat d&#039;un produit.<br><br>Notre politique de remboursement est la suivante :<br>Si vous n&#039;\u00eates pas satisfait du produit, vous pouvez avoir droit \u00e0 un retour.<br>Pour initier un retour, veuillez nous contacter \u00e0\u00a0<a href=\"mailto:pan.zhao@hisemtech.com\" data-type=\"mailto\" data-id=\"mailto:pan.zhao@hisemtech.com\"><strong><em><a href=\"mailto:pan.zhao@hisemtech.com\">pan.zhao@hisemtech.com<\/a><\/em><\/strong><\/a>Le produit doit \u00eatre dans son emballage d&#039;origine et dans un \u00e9tat neuf pour pouvoir b\u00e9n\u00e9ficier d&#039;un retour.<br>Les frais d&#039;exp\u00e9dition et de manutention ne sont pas remboursables.<br>Une fois le produit re\u00e7u, nous l&#039;\u00e9valuerons et d\u00e9terminerons si un retour est appropri\u00e9.<br>Veuillez noter que nous nous r\u00e9servons le droit de refuser un retour si le produit ne r\u00e9pond pas \u00e0 nos crit\u00e8res de politique de retour.<br><br>Si vous avez des questions ou des pr\u00e9occupations concernant notre politique de remboursement, n&#039;h\u00e9sitez pas \u00e0 nous contacter \u00e0\u00a0<a href=\"mailto:pan.zhao@hisemtech.com\" data-type=\"mailto\" data-id=\"mailto:sssk_marketing@163.com\"><strong><em><a href=\"mailto:pan.zhao@hisemtech.com\">pan.zhao@hisemtech.com<\/a><\/em><\/strong><\/a><\/div>\n<\/div>\n <\/div><\/div>","protected":false},"excerpt":{"rendered":"","protected":false},"author":1,"featured_media":0,"parent":0,"menu_order":0,"comment_status":"closed","ping_status":"closed","template":"","meta":{"_gspb_post_css":"#gspb_row-id-gsbp-a7bdcb2{justify-content:space-between;margin-top:0;margin-bottom:0;display:flex;flex-wrap:wrap;min-height:50vh;align-content:center;background-size:cover;background-repeat:no-repeat;background-image:url(http:\/\/hisemtech.com\/wp-content\/uploads\/2025\/04\/001.jpg);isolation:isolate}#gspb_row-id-gsbp-a7bdcb2>.gspb_row__content{display:flex;justify-content:space-between;margin:0 auto;width:100%;flex-wrap:wrap;align-items:center}div[id^=gspb_col-id]{box-sizing:border-box;position:relative;padding:var(--gs-row-column-padding, 15px min(3vw, 20px))}#gspb_row-id-gsbp-a7bdcb2:hover{background-size:cover}#gspb_row-id-gsbp-a7bdcb2>.gspb_backgroundOverlay{position:absolute;top:0;left:0;width:100%;height:100%;z-index:-1;opacity:.16;background-color:var(--wp--preset--color--palette-color-1, var(--theme-palette-color-1, #004ea2))}#gspb_col-id-gsbp-b613ad8.gspb_row__col--12{width:100%}@media (max-width:575.98px){#gspb_col-id-gsbp-b613ad8.gspb_row__col--12{width:100%}}.gspb_row #gspb_col-id-gsbp-b613ad8.gspb_row__col--12{padding-top:50px}#gspb_heading-id-gsbp-add365e{text-transform:uppercase;text-align:center!important}#gspb_heading-id-gsbp-add365e .gsap-g-line{text-align:center!important}#gspb_heading-id-gsbp-add365e,.gspb_id-gsbp-c632d8f .gspb-current-breadcrumb,.gspb_id-gsbp-c632d8f .gspb-separator-breadcrumbs,.gspb_id-gsbp-c632d8f a{color:var(--wp--preset--color--palette-color-8, var(--theme-palette-color-8, #ffffff))}.gspb_id-gsbp-c632d8f{display:flex;align-items:center;justify-content:center;gap:5px;flex-wrap:wrap}#gspb_row-id-gsbp-fe4e863{justify-content:space-between;display:flex;flex-wrap:wrap;margin-top:80px;margin-bottom:80px}#gspb_row-id-gsbp-fe4e863>.gspb_row__content{display:flex;justify-content:space-between;margin:0 auto;width:100%;flex-wrap:wrap}.gspb_row{position:relative}body.gspb-bodyfront #gspb_row-id-gsbp-a7bdcb2>.gspb_row__content,body.gspb-bodyfront #gspb_row-id-gsbp-fe4e863>.gspb_row__content{width:var(--theme-container-width, 1200px);max-width:var(--theme-normal-container-max-width, 1200px)}#gspb_col-id-gsbp-d8ddfd0.gspb_row__col--12{width:100%}@media (max-width:575.98px){#gspb_col-id-gsbp-d8ddfd0.gspb_row__col--12{width:100%}}.gspb_row #gspb_col-id-gsbp-d8ddfd0.gspb_row__col--12{padding:0}.gspb_text-id-gsbp-8cafada{color:#4e4e4e}","footnotes":""},"class_list":["post-432","page","type-page","status-publish","hentry"],"blocksy_meta":[],"_links":{"self":[{"href":"https:\/\/hisemtech.com\/fr\/wp-json\/wp\/v2\/pages\/432","targetHints":{"allow":["GET"]}}],"collection":[{"href":"https:\/\/hisemtech.com\/fr\/wp-json\/wp\/v2\/pages"}],"about":[{"href":"https:\/\/hisemtech.com\/fr\/wp-json\/wp\/v2\/types\/page"}],"author":[{"embeddable":true,"href":"https:\/\/hisemtech.com\/fr\/wp-json\/wp\/v2\/users\/1"}],"replies":[{"embeddable":true,"href":"https:\/\/hisemtech.com\/fr\/wp-json\/wp\/v2\/comments?post=432"}],"version-history":[{"count":0,"href":"https:\/\/hisemtech.com\/fr\/wp-json\/wp\/v2\/pages\/432\/revisions"}],"wp:attachment":[{"href":"https:\/\/hisemtech.com\/fr\/wp-json\/wp\/v2\/media?parent=432"}],"curies":[{"name":"wp","href":"https:\/\/api.w.org\/{rel}","templated":true}]}}