{"id":1478,"date":"2025-04-22T08:31:21","date_gmt":"2025-04-22T08:31:21","guid":{"rendered":"https:\/\/hisemtech.com\/?page_id=1478"},"modified":"2025-04-22T08:31:21","modified_gmt":"2025-04-22T08:31:21","slug":"politique-dexpedition","status":"publish","type":"page","link":"https:\/\/hisemtech.com\/fr\/shipping-policy\/","title":{"rendered":"Politique d&#039;exp\u00e9dition"},"content":{"rendered":"<div class=\"wp-block-greenshift-blocks-row alignfull gspb_row gspb_row-id-gsbp-a7bdcb2\" id=\"gspb_row-id-gsbp-a7bdcb2\"><div class=\"gspb_backgroundOverlay\"><\/div><div class=\"gspb_row__content\"> \n<div class=\"wp-block-greenshift-blocks-row-column gspb_row__col--12 gspb_col-id-gsbp-b613ad8\" id=\"gspb_col-id-gsbp-b613ad8\">\n<h1 id=\"gspb_heading-id-gsbp-add365e\" class=\"gspb_heading gspb_heading-id-gsbp-add365e\">Politique d&#039;exp\u00e9dition<\/h1>\n\n\n<div class=\"gspb_id-gsbp-c632d8f gspb-breadcrumbs wp-block-greenshift-blocks-breadcrumbs\"><\/div><\/div>\n <\/div><\/div>\n\n\n\n<div class=\"wp-block-greenshift-blocks-row gspb_row gspb_row-id-gsbp-fe4e863\" id=\"gspb_row-id-gsbp-fe4e863\"><div class=\"gspb_row__content\"> \n<div class=\"wp-block-greenshift-blocks-row-column gspb_row__col--12 gspb_col-id-gsbp-d8ddfd0\" id=\"gspb_col-id-gsbp-d8ddfd0\">\n<div id=\"gspb_text-id-gsbp-8cafada\" class=\"gspb_text gspb_text-id-gsbp-8cafada\">Chez Hisem New Energy Technology Co., Ltd., nous nous effor\u00e7ons de livrer nos produits rapidement et efficacement \u00e0 nos clients, tant au niveau national qu&#039;international.<br><br><strong><em>Exp\u00e9dition nationale :<\/em><\/strong><br>Nous exp\u00e9dions nos produits en Chine continentale via diff\u00e9rents transporteurs maritimes, en fonction du produit et de l&#039;emplacement du client.<br>Les frais d&#039;exp\u00e9dition nationaux peuvent varier en fonction du poids et de la taille du produit, ainsi que de la destination d&#039;exp\u00e9dition.<br>Le d\u00e9lai de livraison estim\u00e9 pour les exp\u00e9ditions nationales est g\u00e9n\u00e9ralement de 3 \u00e0 7 jours ouvrables, selon le transporteur et la destination d&#039;exp\u00e9dition.<br><br><strong><em>Exp\u00e9dition internationale :<\/em><\/strong><br>Nous exp\u00e9dions nos produits \u00e0 des clients internationaux via diff\u00e9rents transporteurs maritimes, en fonction du produit et de l&#039;emplacement du client.<br>Les frais d&#039;exp\u00e9dition internationaux peuvent varier en fonction du poids et de la taille du produit, ainsi que de la destination d&#039;exp\u00e9dition.<br><br>Le d\u00e9lai de livraison estim\u00e9 pour les envois internationaux varie selon le transporteur et la destination. Les d\u00e9lais de livraison peuvent \u00eatre affect\u00e9s par les douanes et d&#039;autres facteurs ind\u00e9pendants de notre volont\u00e9.<br><br>Veuillez noter que nous ne sommes pas responsables des droits de douane, taxes ou frais \u00e9ventuellement impos\u00e9s par le pays de destination. Ces frais sont \u00e0 la charge du client.<br>Si vous avez des questions ou des pr\u00e9occupations concernant l&#039;exp\u00e9dition, n&#039;h\u00e9sitez pas \u00e0 nous contacter \u00e0\u00a0<a href=\"mailto:pan.zhao@hisemtech.com\" data-type=\"mailto\" data-id=\"mailto:sssk_marketing@163.com\">pan.zhao@hisemtech.com<\/a>.<\/div>\n<\/div>\n <\/div><\/div>","protected":false},"excerpt":{"rendered":"","protected":false},"author":1,"featured_media":0,"parent":0,"menu_order":0,"comment_status":"closed","ping_status":"closed","template":"","meta":{"_gspb_post_css":"#gspb_row-id-gsbp-a7bdcb2{justify-content:space-between;margin-top:0;margin-bottom:0;display:flex;flex-wrap:wrap;min-height:50vh;align-content:center;background-size:cover;background-repeat:no-repeat;background-image:url(http:\/\/hisemtech.com\/wp-content\/uploads\/2025\/04\/001.jpg);isolation:isolate}#gspb_row-id-gsbp-a7bdcb2>.gspb_row__content{display:flex;justify-content:space-between;margin:0 auto;width:100%;flex-wrap:wrap;align-items:center}div[id^=gspb_col-id]{box-sizing:border-box;position:relative;padding:var(--gs-row-column-padding, 15px min(3vw, 20px))}#gspb_row-id-gsbp-a7bdcb2:hover{background-size:cover}#gspb_row-id-gsbp-a7bdcb2>.gspb_backgroundOverlay{position:absolute;top:0;left:0;width:100%;height:100%;z-index:-1;opacity:.16;background-color:var(--wp--preset--color--palette-color-1, var(--theme-palette-color-1, #004ea2))}#gspb_col-id-gsbp-b613ad8.gspb_row__col--12{width:100%}@media (max-width:575.98px){#gspb_col-id-gsbp-b613ad8.gspb_row__col--12{width:100%}}.gspb_row #gspb_col-id-gsbp-b613ad8.gspb_row__col--12{padding-top:50px}#gspb_heading-id-gsbp-add365e{text-transform:uppercase;text-align:center!important}#gspb_heading-id-gsbp-add365e .gsap-g-line{text-align:center!important}#gspb_heading-id-gsbp-add365e,.gspb_id-gsbp-c632d8f .gspb-current-breadcrumb,.gspb_id-gsbp-c632d8f .gspb-separator-breadcrumbs,.gspb_id-gsbp-c632d8f a{color:var(--wp--preset--color--palette-color-8, var(--theme-palette-color-8, #ffffff))}.gspb_id-gsbp-c632d8f{display:flex;align-items:center;justify-content:center;gap:5px;flex-wrap:wrap}#gspb_row-id-gsbp-fe4e863{justify-content:space-between;display:flex;flex-wrap:wrap;margin-top:80px;margin-bottom:80px}#gspb_row-id-gsbp-fe4e863>.gspb_row__content{display:flex;justify-content:space-between;margin:0 auto;width:100%;flex-wrap:wrap}.gspb_row{position:relative}body.gspb-bodyfront #gspb_row-id-gsbp-a7bdcb2>.gspb_row__content,body.gspb-bodyfront #gspb_row-id-gsbp-fe4e863>.gspb_row__content{width:var(--theme-container-width, 1200px);max-width:var(--theme-normal-container-max-width, 1200px)}#gspb_col-id-gsbp-d8ddfd0.gspb_row__col--12{width:100%}@media (max-width:575.98px){#gspb_col-id-gsbp-d8ddfd0.gspb_row__col--12{width:100%}}.gspb_row #gspb_col-id-gsbp-d8ddfd0.gspb_row__col--12{padding:0}.gspb_text-id-gsbp-8cafada{color:#4e4e4e;margin-top:0!important;margin-bottom:0!important}","footnotes":""},"class_list":["post-1478","page","type-page","status-publish","hentry"],"blocksy_meta":[],"_links":{"self":[{"href":"https:\/\/hisemtech.com\/fr\/wp-json\/wp\/v2\/pages\/1478","targetHints":{"allow":["GET"]}}],"collection":[{"href":"https:\/\/hisemtech.com\/fr\/wp-json\/wp\/v2\/pages"}],"about":[{"href":"https:\/\/hisemtech.com\/fr\/wp-json\/wp\/v2\/types\/page"}],"author":[{"embeddable":true,"href":"https:\/\/hisemtech.com\/fr\/wp-json\/wp\/v2\/users\/1"}],"replies":[{"embeddable":true,"href":"https:\/\/hisemtech.com\/fr\/wp-json\/wp\/v2\/comments?post=1478"}],"version-history":[{"count":0,"href":"https:\/\/hisemtech.com\/fr\/wp-json\/wp\/v2\/pages\/1478\/revisions"}],"wp:attachment":[{"href":"https:\/\/hisemtech.com\/fr\/wp-json\/wp\/v2\/media?parent=1478"}],"curies":[{"name":"wp","href":"https:\/\/api.w.org\/{rel}","templated":true}]}}