{"id":1933,"date":"2025-05-22T00:48:27","date_gmt":"2025-05-22T00:48:27","guid":{"rendered":"https:\/\/hisemtech.com\/?page_id=1933"},"modified":"2025-12-09T14:37:22","modified_gmt":"2025-12-09T06:37:22","slug":"preguntas-frecuentes","status":"publish","type":"page","link":"https:\/\/hisemtech.com\/es\/faq\/","title":{"rendered":"Preguntas frecuentes"},"content":{"rendered":"<div class=\"wp-block-greenshift-blocks-row alignfull gspb_row gspb_row-id-gsbp-a7bdcb2\" id=\"gspb_row-id-gsbp-a7bdcb2\"><div class=\"gspb_backgroundOverlay\"><\/div><div class=\"gspb_row__content\"> \n<div class=\"wp-block-greenshift-blocks-row-column gspb_row__col--12 gspb_col-id-gsbp-b613ad8\" id=\"gspb_col-id-gsbp-b613ad8\">\n<h1 id=\"gspb_heading-id-gsbp-add365e\" class=\"gspb_heading gspb_heading-id-gsbp-add365e\">Preguntas frecuentes<\/h1>\n\n\n<\/div>\n <\/div><\/div>\n\n\n\n<div class=\"wp-block-greenshift-blocks-row gspb_row gspb_row-id-gsbp-28529dd gspb_row--gutter-60\" id=\"gspb_row-id-gsbp-28529dd\"><div class=\"gspb_row__content\"> \n<div class=\"wp-block-greenshift-blocks-row-column gspb_row__col--6 gspb_row__col--md-12 gspb_col-id-gsbp-7e9a415\" id=\"gspb_col-id-gsbp-7e9a415\">\n<div class=\"wp-block-greenshift-blocks-accordion gs-accordion gspb_accordion-id-gsbp-71e8e3f\" id=\"gspb_accordion-id-gsbp-71e8e3f\" >\n<div class=\"wp-block-greenshift-blocks-accordionitem gs-accordion-item gspb_accordionitem-gsbp-575bafc gsclose\" id=\"gspb_accordionitem-gsbp-575bafc\" itemscope><div id=\"gs-trigger-gsbp-71e8e3f-0\" class=\"gs-accordion-item__title\" aria-expanded=\"false\" role=\"button\" tabindex=\"0\" aria-controls=\"gspb-accordion-item-content-gsbp-575bafc\"><div class=\"gs-accordion-item__heading\">\u00bfQu\u00e9 tipos de personalizaci\u00f3n de productos ofrecen?<\/div><span class=\"iconfortoggle\"><span class=\"gs-iconbefore\"><\/span><span class=\"gs-iconafter\"><\/span><\/span><\/div><div aria-labelledby=\"gs-trigger-gsbp-71e8e3f-0\" class=\"gs-accordion-item__content\" itemscope id=\"gspb-accordion-item-content-gsbp-575bafc\" aria-hidden=\"true\"><div class=\"gs-accordion-item__text\">\n<p>Ofrecemos una amplia gama de opciones de personalizaci\u00f3n, incluyendo especificaciones de producto, materiales, procesos, funciones, logotipos y embalaje. Podemos adaptar nuestras soluciones a sus necesidades espec\u00edficas y escenarios de aplicaci\u00f3n. <\/p>\n<\/div><\/div><\/div>\n\n\n\n<div class=\"wp-block-greenshift-blocks-accordionitem gs-accordion-item gspb_accordionitem-gsbp-41ba252 gsclose\" id=\"gspb_accordionitem-gsbp-41ba252\" itemscope><div id=\"gs-trigger-gsbp-71e8e3f-1\" class=\"gs-accordion-item__title\" aria-expanded=\"false\" role=\"button\" tabindex=\"0\" aria-controls=\"gspb-accordion-item-content-gsbp-41ba252\"><div class=\"gs-accordion-item__heading\">\u00bfCu\u00e1l es su cantidad m\u00ednima de pedido (MOQ)?<\/div><span class=\"iconfortoggle\"><span class=\"gs-iconbefore\"><\/span><span class=\"gs-iconafter\"><\/span><\/span><\/div><div aria-labelledby=\"gs-trigger-gsbp-71e8e3f-1\" class=\"gs-accordion-item__content\" itemscope id=\"gspb-accordion-item-content-gsbp-41ba252\" aria-hidden=\"true\"><div class=\"gs-accordion-item__text\">\n<p>El pedido m\u00ednimo var\u00eda seg\u00fan el tipo de producto. Cont\u00e1ctenos para obtener la cantidad m\u00ednima de pedido espec\u00edfica del producto que desea.<\/p>\n<\/div><\/div><\/div>\n\n\n\n<div class=\"wp-block-greenshift-blocks-accordionitem gs-accordion-item gspb_accordionitem-gsbp-26dc044 gsclose\" id=\"gspb_accordionitem-gsbp-26dc044\" itemscope><div id=\"gs-trigger-gsbp-71e8e3f-2\" class=\"gs-accordion-item__title\" aria-expanded=\"false\" role=\"button\" tabindex=\"0\" aria-controls=\"gspb-accordion-item-content-gsbp-26dc044\"><div class=\"gs-accordion-item__heading\">\u00bfPueden proporcionar muestras? \u00bfHay alg\u00fan costo?<\/div><span class=\"iconfortoggle\"><span class=\"gs-iconbefore\"><\/span><span class=\"gs-iconafter\"><\/span><\/span><\/div><div aria-labelledby=\"gs-trigger-gsbp-71e8e3f-2\" class=\"gs-accordion-item__content\" itemscope id=\"gspb-accordion-item-content-gsbp-26dc044\" aria-hidden=\"true\"><div class=\"gs-accordion-item__text\">\n<p>S\u00ed, podemos proporcionar muestras si las solicita. Algunas son gratuitas, mientras que otras pueden tener un coste seg\u00fan el producto. Para m\u00e1s informaci\u00f3n, consulte con nuestro equipo de ventas.<\/p>\n<\/div><\/div><\/div>\n\n\n\n<div class=\"wp-block-greenshift-blocks-accordionitem gs-accordion-item gspb_accordionitem-gsbp-75630a8 gsclose\" id=\"gspb_accordionitem-gsbp-75630a8\" itemscope><div id=\"gs-trigger-gsbp-71e8e3f-3\" class=\"gs-accordion-item__title\" aria-expanded=\"false\" role=\"button\" tabindex=\"0\" aria-controls=\"gspb-accordion-item-content-gsbp-75630a8\"><div class=\"gs-accordion-item__heading\">\u00bfCu\u00e1l es el plazo de producci\u00f3n y entrega?<\/div><span class=\"iconfortoggle\"><span class=\"gs-iconbefore\"><\/span><span class=\"gs-iconafter\"><\/span><\/span><\/div><div aria-labelledby=\"gs-trigger-gsbp-71e8e3f-3\" class=\"gs-accordion-item__content\" itemscope id=\"gspb-accordion-item-content-gsbp-75630a8\" aria-hidden=\"true\"><div class=\"gs-accordion-item__text\">\n<p>El plazo de entrega de las muestras suele ser de 7 a 15 d\u00edas, y la producci\u00f3n en masa suele tardar entre 20 y 45 d\u00edas, seg\u00fan la cantidad del pedido y el tipo de producto.<\/p>\n<\/div><\/div><\/div>\n\n\n\n<div class=\"wp-block-greenshift-blocks-accordionitem gs-accordion-item gspb_accordionitem-gsbp-29e249a gsclose\" id=\"gspb_accordionitem-gsbp-29e249a\" itemscope><div id=\"gs-trigger-gsbp-71e8e3f-4\" class=\"gs-accordion-item__title\" aria-expanded=\"false\" role=\"button\" tabindex=\"0\" aria-controls=\"gspb-accordion-item-content-gsbp-29e249a\"><div class=\"gs-accordion-item__heading\">\u00bfQu\u00e9 m\u00e9todos de env\u00edo admiten?<\/div><span class=\"iconfortoggle\"><span class=\"gs-iconbefore\"><\/span><span class=\"gs-iconafter\"><\/span><\/span><\/div><div aria-labelledby=\"gs-trigger-gsbp-71e8e3f-4\" class=\"gs-accordion-item__content\" itemscope id=\"gspb-accordion-item-content-gsbp-29e249a\" aria-hidden=\"true\"><div class=\"gs-accordion-item__text\">\n<p>Ofrecemos opciones de transporte mar\u00edtimo, a\u00e9reo, entrega expr\u00e9s y multimodal. Tambi\u00e9n ofrecemos soluciones log\u00edsticas y de despacho de aduanas personalizadas seg\u00fan sus necesidades.<\/p>\n<\/div><\/div><\/div>\n<\/div>\n<\/div>\n\n\n\n<div class=\"wp-block-greenshift-blocks-row-column gspb_row__col--6 gspb_row__col--md-12 gspb_col-id-gsbp-8b72d4e\" id=\"gspb_col-id-gsbp-8b72d4e\">\n<div class=\"wp-block-greenshift-blocks-accordion gs-accordion gspb_accordion-id-gsbp-45d8d80\" id=\"gspb_accordion-id-gsbp-45d8d80\" >\n<div class=\"wp-block-greenshift-blocks-accordionitem gs-accordion-item gspb_accordionitem-gsbp-fd9c08b gsclose\" id=\"gspb_accordionitem-gsbp-fd9c08b\" itemscope><div id=\"gs-trigger-gsbp-45d8d80-0\" class=\"gs-accordion-item__title\" aria-expanded=\"false\" role=\"button\" tabindex=\"0\" aria-controls=\"gspb-accordion-item-content-gsbp-fd9c08b\"><div class=\"gs-accordion-item__heading\">\u00bfC\u00f3mo se garantiza la calidad del producto?<\/div><span class=\"iconfortoggle\"><span class=\"gs-iconbefore\"><\/span><span class=\"gs-iconafter\"><\/span><\/span><\/div><div aria-labelledby=\"gs-trigger-gsbp-45d8d80-0\" class=\"gs-accordion-item__content\" itemscope id=\"gspb-accordion-item-content-gsbp-fd9c08b\" aria-hidden=\"true\"><div class=\"gs-accordion-item__text\">\n<p>Seguimos estrictamente <a href=\"https:\/\/en.wikipedia.org\/wiki\/Quality_management\" target=\"_blank\" rel=\"noopener\">normas internacionales de gesti\u00f3n de calidad<\/a>, con equipos profesionales de inspecci\u00f3n de calidad durante todo el proceso de producci\u00f3n para garantizar que cada lote cumpla con los requisitos del cliente y del mercado.<\/p>\n<\/div><\/div><\/div>\n\n\n\n<div class=\"wp-block-greenshift-blocks-accordionitem gs-accordion-item gspb_accordionitem-gsbp-fa9bb3a gsclose\" id=\"gspb_accordionitem-gsbp-fa9bb3a\" itemscope><div id=\"gs-trigger-gsbp-45d8d80-1\" class=\"gs-accordion-item__title\" aria-expanded=\"false\" role=\"button\" tabindex=\"0\" aria-controls=\"gspb-accordion-item-content-gsbp-fa9bb3a\"><div class=\"gs-accordion-item__heading\">\u00bfOfrecen servicios OEM\/ODM?<\/div><span class=\"iconfortoggle\"><span class=\"gs-iconbefore\"><\/span><span class=\"gs-iconafter\"><\/span><\/span><\/div><div aria-labelledby=\"gs-trigger-gsbp-45d8d80-1\" class=\"gs-accordion-item__content\" itemscope id=\"gspb-accordion-item-content-gsbp-fa9bb3a\" aria-hidden=\"true\"><div class=\"gs-accordion-item__text\">\n<p>S\u00ed, ofrecemos ambos <a href=\"https:\/\/en.wikipedia.org\/wiki\/Original_design_manufacturer\" target=\"_blank\" rel=\"noopener\">Fabricante de equipos originales (OEM)<\/a> y <a href=\"https:\/\/en.wikipedia.org\/wiki\/Original_equipment_manufacturer\" target=\"_blank\" rel=\"noopener\">Fabricante de equipos originales (ODM)<\/a> Servicios. Le invitamos a compartir sus dise\u00f1os o ideas de desarrollo y le brindaremos apoyo total en su proyecto.<\/p>\n<\/div><\/div><\/div>\n\n\n\n<div class=\"wp-block-greenshift-blocks-accordionitem gs-accordion-item gspb_accordionitem-gsbp-837393a gsclose\" id=\"gspb_accordionitem-gsbp-837393a\" itemscope><div id=\"gs-trigger-gsbp-45d8d80-2\" class=\"gs-accordion-item__title\" aria-expanded=\"false\" role=\"button\" tabindex=\"0\" aria-controls=\"gspb-accordion-item-content-gsbp-837393a\"><div class=\"gs-accordion-item__heading\">\u00bfQu\u00e9 servicios postventa ofrec\u00e9is?<\/div><span class=\"iconfortoggle\"><span class=\"gs-iconbefore\"><\/span><span class=\"gs-iconafter\"><\/span><\/span><\/div><div aria-labelledby=\"gs-trigger-gsbp-45d8d80-2\" class=\"gs-accordion-item__content\" itemscope id=\"gspb-accordion-item-content-gsbp-837393a\" aria-hidden=\"true\"><div class=\"gs-accordion-item__text\">\n<p>Brindamos soporte posventa personalizado, incluido seguimiento de env\u00edos, asistencia t\u00e9cnica y manejo de problemas de calidad, lo que garantiza que tenga una experiencia sin preocupaciones.<\/p>\n<\/div><\/div><\/div>\n\n\n\n<div class=\"wp-block-greenshift-blocks-accordionitem gs-accordion-item gspb_accordionitem-gsbp-c329ce9 gsclose\" id=\"gspb_accordionitem-gsbp-c329ce9\" itemscope><div id=\"gs-trigger-gsbp-45d8d80-3\" class=\"gs-accordion-item__title\" aria-expanded=\"false\" role=\"button\" tabindex=\"0\" aria-controls=\"gspb-accordion-item-content-gsbp-c329ce9\"><div class=\"gs-accordion-item__heading\">\u00bfPodemos visitar su f\u00e1brica?<\/div><span class=\"iconfortoggle\"><span class=\"gs-iconbefore\"><\/span><span class=\"gs-iconafter\"><\/span><\/span><\/div><div aria-labelledby=\"gs-trigger-gsbp-45d8d80-3\" class=\"gs-accordion-item__content\" itemscope id=\"gspb-accordion-item-content-gsbp-c329ce9\" aria-hidden=\"true\"><div class=\"gs-accordion-item__text\">\n<p>Por supuesto. Invitamos cordialmente a todos nuestros socios comerciales a visitar nuestras instalaciones. Puede programar una visita presencial o solicitar un recorrido virtual por la f\u00e1brica mediante videollamada.<\/p>\n<\/div><\/div><\/div>\n\n\n\n<div class=\"wp-block-greenshift-blocks-accordionitem gs-accordion-item gspb_accordionitem-gsbp-b24301c gsclose\" id=\"gspb_accordionitem-gsbp-b24301c\" itemscope><div id=\"gs-trigger-gsbp-45d8d80-4\" class=\"gs-accordion-item__title\" aria-expanded=\"false\" role=\"button\" tabindex=\"0\" aria-controls=\"gspb-accordion-item-content-gsbp-b24301c\"><div class=\"gs-accordion-item__heading\">\u00bfPuedo solicitar muestras antes de realizar un pedido al por mayor?<\/div><span class=\"iconfortoggle\"><span class=\"gs-iconbefore\"><\/span><span class=\"gs-iconafter\"><\/span><\/span><\/div><div aria-labelledby=\"gs-trigger-gsbp-45d8d80-4\" class=\"gs-accordion-item__content\" itemscope id=\"gspb-accordion-item-content-gsbp-b24301c\" aria-hidden=\"true\"><div class=\"gs-accordion-item__text\">\n<p>S\u00ed, ofrecemos muestras para evaluaci\u00f3n de calidad. Se pueden aplicar cargos por muestra y se reembolsar\u00e1n al confirmar el pedido al por mayor. Cont\u00e1ctenos para m\u00e1s detalles.<\/p>\n<\/div><\/div><\/div>\n<\/div>\n<\/div>\n <\/div><\/div>\n\n\n\n<div class=\"wp-block-greenshift-blocks-row gspb_row gspb_row-id-gsbp-9946f2e\" id=\"gspb_row-id-gsbp-9946f2e\"><div class=\"gspb_row__content\"> \n<div class=\"wp-block-greenshift-blocks-row-column gspb_row__col--12 gspb_col-id-gsbp-f63ecbd\" id=\"gspb_col-id-gsbp-f63ecbd\">\n<h4 id=\"gspb_heading-id-gsbp-83fc58d\" class=\"gspb_heading gspb_heading-id-gsbp-83fc58d\">Cont\u00e1ctanos<\/h4>\n\n\n\n<h6 id=\"gspb_heading-id-gsbp-40bac1d\" class=\"gspb_heading gspb_heading-id-gsbp-40bac1d\">Ya sea que necesite detalles del producto, precios o soporte t\u00e9cnico, estamos a solo un mensaje de distancia: \u00a1comun\u00edquese con nuestro equipo ahora!<\/h6>\n\n\n<style><\/style><style><\/style><div class='fluentform ff-inherit-theme-style fluentform_wrapper_1  ff_guten_block ff_guten_block-1'><form data-form_id=\"1\" id=\"fluentform_1\" class=\"frm-fluent-form fluent_form_1 ff-el-form-top ff_form_instance_1_1 ff-form-loading ffs_inherit_theme\" data-form_instance=\"ff_form_instance_1_1\" method=\"POST\" action=\"\" ><fieldset  style=\"border: none!important;margin: 0!important;padding: 0!important;background-color: transparent!important;box-shadow: none!important;outline: none!important; min-inline-size: 100%;\">\n                    <legend class=\"ff_screen_reader_title\" style=\"display: block; margin: 0!important;padding: 0!important;height: 0!important;text-indent: -999999px;width: 0!important;overflow:hidden;\">\u5b98\u7f51\u8be2\u76d8<\/legend>        <div\n                style=\"display: none!important; position: absolute!important; transform: translateX(1000%)!important;\"\n                class=\"ff-el-group ff-hpsf-container\"\n        >\n            <div class=\"ff-el-input--label asterisk-right\">\n                <label for=\"ff_1_item_sf\" aria-label=\"Notificar\">\n                    Notificar                <\/label>\n            <\/div>\n            <div class=\"ff-el-input--content\">\n                <input type=\"text\"\n                       name=\"item_1__fluent_sf\"\n                       class=\"ff-el-form-control\"\n                       id=\"ff_1_item_sf\"\n                \/>\n            <\/div>\n        <\/div>\n                <input type=\"hidden\" id=\"__fluent_protection_token_1\" class=\"fluent-form-token-field\" name=\"__fluent_protection_token_1\">\n        <input type='hidden' name='__fluent_form_embded_post_id' value='1933' \/><input type=\"hidden\" id=\"_fluentform_1_fluentformnonce\" name=\"_fluentform_1_fluentformnonce\" value=\"b92cf2e909\" \/><input type=\"hidden\" name=\"_wp_http_referer\" value=\"\/es\/wp-json\/wp\/v2\/pages\/1933\" \/><div class='ff-el-group'><div class=\"ff-el-input--label ff-el-is-required asterisk-right\"><label for='ff_1_input_text' id='label_ff_1_input_text' aria-label=\"Nombre\">Nombre<\/label><\/div><div class='ff-el-input--content'><input type=\"text\" name=\"input_text\" class=\"ff-el-form-control\" placeholder=\"Nombre\" data-name=\"input_text\" id=\"ff_1_input_text\"  aria-invalid=\"false\" aria-required=\"true\"><\/div><\/div><div class='ff-el-group'><div class=\"ff-el-input--label ff-el-is-required asterisk-right\"><label for='ff_1_email' id='label_ff_1_email' aria-label=\"Correo electr\u00f3nico\">Correo electr\u00f3nico<\/label><\/div><div class='ff-el-input--content'><input type=\"email\" name=\"email\" id=\"ff_1_email\" class=\"ff-el-form-control\" placeholder=\"Direcci\u00f3n de correo electr\u00f3nico\" data-name=\"email\"  aria-invalid=\"false\" aria-required=\"true\"><\/div><\/div><div class='ff-el-group'><div class=\"ff-el-input--label ff-el-is-required asterisk-right\"><label for='ff_1_subject' id='label_ff_1_subject' aria-label=\"WhatsApp\/Tel\u00e9fono\">WhatsApp\/Tel\u00e9fono<\/label><\/div><div class='ff-el-input--content'><input type=\"text\" name=\"subject\" class=\"ff-el-form-control\" placeholder=\"WhatsApp\/Tel\u00e9fono\" data-name=\"subject\" id=\"ff_1_subject\"  aria-invalid=\"false\" aria-required=\"true\"><\/div><\/div><div class='ff-el-group'><div class=\"ff-el-input--label asterisk-right\"><label for='ff_1_message' id='label_ff_1_message' aria-label=\"Tu mensaje\">Tu mensaje<\/label><\/div><div class='ff-el-input--content'><textarea aria-required=\"false\" aria-labelledby=\"label_ff_1_message\" name=\"message\" id=\"ff_1_message\" class=\"ff-el-form-control\" placeholder=\"Tu mensaje\" rows=\"4\" cols=\"2\" data-name=\"message\" ><\/textarea><\/div><\/div><div class='ff-el-group ff-text-left ff_submit_btn_wrapper'><button type=\"submit\" class=\"ff-btn ff-btn-submit ff-btn-md ff_btn_no_style\"  aria-label=\"Enviar formulario\">Enviar formulario<\/button><\/div><\/fieldset><input type=\"hidden\" name=\"trp-form-language\" value=\"es\"\/><\/form><div id='fluentform_1_errors' class='ff-errors-in-stack ff_form_instance_1_1 ff-form-loading_errors ff_form_instance_1_1_errors'><\/div><\/div>            <script type=\"text\/javascript\">\n                window.fluent_form_ff_form_instance_1_1 = {\"id\":\"1\",\"settings\":{\"layout\":{\"labelPlacement\":\"top\",\"helpMessagePlacement\":\"with_label\",\"errorMessagePlacement\":\"inline\",\"cssClassName\":\"\",\"asteriskPlacement\":\"asterisk-right\"},\"restrictions\":{\"denyEmptySubmission\":{\"enabled\":false}}},\"form_instance\":\"ff_form_instance_1_1\",\"form_id_selector\":\"fluentform_1\",\"rules\":{\"input_text\":{\"required\":{\"value\":true,\"message\":\"This field is required\",\"global_message\":\"This field is required\",\"global\":true}},\"email\":{\"required\":{\"value\":true,\"message\":\"This field is required\",\"global\":false,\"global_message\":\"This field is required\"},\"email\":{\"value\":true,\"message\":\"This field must contain a valid email\",\"global\":false,\"global_message\":\"This field must contain a valid email\"}},\"subject\":{\"required\":{\"value\":true,\"message\":\"This field is required\",\"global\":false,\"global_message\":\"This field is required\"}},\"message\":{\"required\":{\"value\":false,\"message\":\"This field is required\",\"global\":false,\"global_message\":\"This field is required\"}}},\"debounce_time\":300};\n                            <\/script>\n            <\/div>\n <\/div><\/div>","protected":false},"excerpt":{"rendered":"","protected":false},"author":1,"featured_media":0,"parent":0,"menu_order":0,"comment_status":"closed","ping_status":"closed","template":"","meta":{"_gspb_post_css":"#gspb_row-id-gsbp-a7bdcb2{justify-content:space-between;margin-top:0;margin-bottom:0;display:flex;flex-wrap:wrap;min-height:50vh;align-content:center;background-size:cover;background-repeat:no-repeat;background-position:52% 44%;background-image:url(http:\/\/hisemtech.com\/wp-content\/uploads\/2025\/05\/234.jpg);isolation:isolate}#gspb_row-id-gsbp-a7bdcb2>.gspb_row__content{display:flex;justify-content:space-between;margin:0 auto;width:100%;flex-wrap:wrap;align-items:center}.gspb_row{position:relative}div[id^=gspb_col-id]{box-sizing:border-box;position:relative;padding:var(--gs-row-column-padding, 15px min(3vw, 20px))}#gspb_row-id-gsbp-a7bdcb2:hover{background-size:cover}#gspb_row-id-gsbp-a7bdcb2>.gspb_backgroundOverlay{position:absolute;top:0;left:0;width:100%;height:100%;z-index:-1;opacity:.16;background-color:var(--wp--preset--color--palette-color-1, var(--theme-palette-color-1, #004ea2))}#gspb_col-id-gsbp-b613ad8.gspb_row__col--12{width:100%}@media (max-width:575.98px){#gspb_col-id-gsbp-b613ad8.gspb_row__col--12{width:100%}}.gspb_row #gspb_col-id-gsbp-b613ad8.gspb_row__col--12{padding-top:50px}body #gspb_col-id-gsbp-b613ad8.gspb_row__col--12{display:flex;flex-direction:column;align-items:center;row-gap:20px}#gspb_heading-id-gsbp-add365e{text-transform:uppercase;text-align:center!important;color:var(--wp--preset--color--palette-color-8, var(--theme-palette-color-8, #ffffff))}#gspb_heading-id-gsbp-add365e .gsap-g-line{text-align:center!important}#gspb_row-id-gsbp-28529dd,#gspb_row-id-gsbp-9946f2e{justify-content:space-between;margin-bottom:0;display:flex;flex-wrap:wrap;margin-top:100px}#gspb_row-id-gsbp-28529dd>.gspb_row__content{display:flex;justify-content:space-between;margin:0 auto;width:100%;flex-wrap:wrap}body.gspb-bodyfront #gspb_row-id-gsbp-28529dd>.gspb_row__content,body.gspb-bodyfront #gspb_row-id-gsbp-a7bdcb2>.gspb_row__content{width:var(--theme-container-width, 1200px);max-width:var(--theme-normal-container-max-width, 1200px)}#gspb_col-id-gsbp-7e9a415.gspb_row__col--6{width:calc(50% - 30px)}@media (max-width:991.98px){#gspb_col-id-gsbp-7e9a415.gspb_row__col--6{width:100%}}@media (max-width:767.98px){#gspb_col-id-gsbp-7e9a415.gspb_row__col--6{width:calc(100% - 30px)}}@media (max-width:575.98px){#gspb_col-id-gsbp-7e9a415.gspb_row__col--6{width:100%}}@media (min-width:992px){body.gspb-bodyfront #gspb_col-id-gsbp-7e9a415.gspb_row__col--6{width:calc(50% - 30px - 0px)}}.gspb_row #gspb_col-id-gsbp-7e9a415.gspb_row__col--6{padding:0}body #gspb_col-id-gsbp-7e9a415.gspb_row__col--6{display:flex;flex-direction:column;justify-content:center}#gspb_accordion-id-gsbp-71e8e3f .gs-accordion-item.gsclose>.gs-accordion-item__content{overflow:hidden;opacity:0}#gspb_accordion-id-gsbp-71e8e3f .gs-accordion-item.gsopen>.gs-accordion-item__content{opacity:1;max-height:5000px}#gspb_accordion-id-gsbp-71e8e3f .gs-accordion-item>.gs-accordion-item__title>.gs-accordion-item__heading{outline:0;text-decoration:none;margin:0!important;padding:0!important;flex-grow:1}#gspb_accordion-id-gsbp-71e8e3f .gs-accordion-item>.gs-accordion-item__title{z-index:1;margin:0;cursor:pointer;transition:all .3s ease-in-out;position:relative;display:flex;justify-content:space-between;align-items:center;flex-wrap:nowrap}#gspb_accordion-id-gsbp-71e8e3f .gs-accordion-item>.gs-accordion-item__content{z-index:0;position:relative;max-height:0;will-change:max-height;transition:all .25s ease-out}#gspb_accordion-id-gsbp-71e8e3f .gs-accordion-item>.gs-accordion-item__content,#gspb_accordion-id-gsbp-71e8e3f .gs-accordion-item>.gs-accordion-item__title{background-color:#f9f9f9;border-style:solid;border-width:1px;border-color:var(--wp--preset--color--border, #00000012)}#gspb_accordion-id-gsbp-71e8e3f .gs-accordion-item>.gs-accordion-item__content{background-color:#fff;border-top-color:#00000000}#gspb_accordion-id-gsbp-71e8e3f .gs-accordion-item{margin-bottom:10px}#gspb_accordion-id-gsbp-71e8e3f .gs-accordion-item>.gs-accordion-item__content>.gs-accordion-item__text,#gspb_accordion-id-gsbp-71e8e3f .gs-accordion-item>.gs-accordion-item__title{padding:15px 20px}.gs-accordion .gs-accordion-item.gsopen .gs-accordion-item__title .gs-iconafter{transform:rotate(0)}#gspb_col-id-gsbp-8b72d4e.gspb_row__col--6{width:calc(50% - 30px)}@media (max-width:991.98px){#gspb_col-id-gsbp-8b72d4e.gspb_row__col--6{width:100%}}@media (max-width:767.98px){#gspb_col-id-gsbp-8b72d4e.gspb_row__col--6{width:calc(100% - 30px)}}@media (max-width:575.98px){#gspb_col-id-gsbp-8b72d4e.gspb_row__col--6{width:100%}}@media (min-width:992px){body.gspb-bodyfront #gspb_col-id-gsbp-8b72d4e.gspb_row__col--6{width:calc(50% - 30px - 0px)}}@media (max-width:991.98px){.gspb_row #gspb_col-id-gsbp-8b72d4e.gspb_row__col--6{padding:0}}#gspb_accordion-id-gsbp-45d8d80 .gs-accordion-item.gsclose>.gs-accordion-item__content{overflow:hidden;opacity:0}#gspb_accordion-id-gsbp-45d8d80 .gs-accordion-item.gsopen>.gs-accordion-item__content{opacity:1;max-height:5000px}#gspb_accordion-id-gsbp-45d8d80 .gs-accordion-item>.gs-accordion-item__title>.gs-accordion-item__heading{outline:0;text-decoration:none;margin:0!important;padding:0!important;flex-grow:1}#gspb_accordion-id-gsbp-45d8d80 .gs-accordion-item>.gs-accordion-item__title{z-index:1;margin:0;cursor:pointer;transition:all .3s ease-in-out;position:relative;display:flex;justify-content:space-between;align-items:center;flex-wrap:nowrap}#gspb_accordion-id-gsbp-45d8d80 .gs-accordion-item>.gs-accordion-item__content{z-index:0;position:relative;max-height:0;will-change:max-height;transition:all .25s ease-out}#gspb_accordion-id-gsbp-45d8d80 .gs-accordion-item>.gs-accordion-item__content,#gspb_accordion-id-gsbp-45d8d80 .gs-accordion-item>.gs-accordion-item__title{background-color:#f9f9f9;border-style:solid;border-width:1px;border-color:var(--wp--preset--color--border, #00000012)}#gspb_accordion-id-gsbp-45d8d80 .gs-accordion-item>.gs-accordion-item__content{background-color:#fff;border-top-color:#00000000}#gspb_accordion-id-gsbp-45d8d80 .gs-accordion-item>.gs-accordion-item__title span.iconfortoggle,#gspb_accordion-id-gsbp-71e8e3f .gs-accordion-item>.gs-accordion-item__title span.iconfortoggle{margin-left:15px;display:inline-block;height:14px;width:14px;position:relative}#gspb_accordion-id-gsbp-45d8d80 .gs-accordion-item{margin-bottom:10px}#gspb_accordion-id-gsbp-45d8d80 .gs-accordion-item>.gs-accordion-item__content>.gs-accordion-item__text,#gspb_accordion-id-gsbp-45d8d80 .gs-accordion-item>.gs-accordion-item__title{padding:15px 20px}.gs-accordion .gs-accordion-item__title span.iconfortoggle .gs-iconafter,.gs-accordion .gs-accordion-item__title span.iconfortoggle .gs-iconbefore{content:'';width:14px;height:2px;border-radius:2px;background-color:#111;position:absolute;top:6px;left:0}.gs-accordion .gs-accordion-item__title span.iconfortoggle .gs-iconafter{transform:rotate(90deg);transition:all .3s ease-in-out}#gspb_row-id-gsbp-9946f2e{margin-top:50px;margin-bottom:50px}#gspb_row-id-gsbp-9946f2e>.gspb_row__content{display:flex;justify-content:space-between;margin:0 auto;width:100%;flex-wrap:wrap}body.gspb-bodyfront #gspb_row-id-gsbp-9946f2e>.gspb_row__content{width:var(--theme-container-width, 1200px);max-width:var(--theme-normal-container-max-width, 1200px)}#gspb_col-id-gsbp-f63ecbd.gspb_row__col--12{width:100%}@media (max-width:575.98px){#gspb_col-id-gsbp-f63ecbd.gspb_row__col--12{width:100%}}.gspb_row #gspb_col-id-gsbp-f63ecbd.gspb_row__col--12{padding:0}#gspb_heading-id-gsbp-83fc58d{text-transform:capitalize;color:var(--wp--preset--color--palette-color-1, var(--theme-palette-color-1, #004ea2));margin-top:0;margin-bottom:0}#gspb_heading-id-gsbp-40bac1d{margin-top:0;margin-bottom:10px}","footnotes":""},"class_list":["post-1933","page","type-page","status-publish","hentry"],"blocksy_meta":[],"_links":{"self":[{"href":"https:\/\/hisemtech.com\/es\/wp-json\/wp\/v2\/pages\/1933","targetHints":{"allow":["GET"]}}],"collection":[{"href":"https:\/\/hisemtech.com\/es\/wp-json\/wp\/v2\/pages"}],"about":[{"href":"https:\/\/hisemtech.com\/es\/wp-json\/wp\/v2\/types\/page"}],"author":[{"embeddable":true,"href":"https:\/\/hisemtech.com\/es\/wp-json\/wp\/v2\/users\/1"}],"replies":[{"embeddable":true,"href":"https:\/\/hisemtech.com\/es\/wp-json\/wp\/v2\/comments?post=1933"}],"version-history":[{"count":0,"href":"https:\/\/hisemtech.com\/es\/wp-json\/wp\/v2\/pages\/1933\/revisions"}],"wp:attachment":[{"href":"https:\/\/hisemtech.com\/es\/wp-json\/wp\/v2\/media?parent=1933"}],"curies":[{"name":"wp","href":"https:\/\/api.w.org\/{rel}","templated":true}]}}